{"id":6368,"date":"2026-01-04T01:58:36","date_gmt":"2026-01-04T06:58:36","guid":{"rendered":"https:\/\/cedetafro.org\/?page_id=6368"},"modified":"2026-02-11T14:46:51","modified_gmt":"2026-02-11T19:46:51","slug":"home","status":"publish","type":"page","link":"https:\/\/cedetafro.org\/","title":{"rendered":"Home"},"content":{"rendered":"\t\t<div data-elementor-type=\"wp-page\" data-elementor-id=\"6368\" class=\"elementor elementor-6368\" data-elementor-settings=\"{&quot;ha_cmc_init_switcher&quot;:&quot;no&quot;}\" data-elementor-post-type=\"page\">\n\t\t\t\t<div class=\"elementor-element elementor-element-8f265fc e-con-full elementor-hidden-tablet elementor-hidden-mobile e-flex e-con e-parent\" data-id=\"8f265fc\" data-element_type=\"container\" data-e-type=\"container\" data-settings=\"{&quot;background_background&quot;:&quot;slideshow&quot;,&quot;background_slideshow_gallery&quot;:[{&quot;id&quot;:7174,&quot;url&quot;:&quot;http:\\\/\\\/cedetafro.org\\\/wp-content\\\/uploads\\\/2026\\\/01\\\/WhatsApp-Image-2026-01-30-at-17.38.09.jpeg&quot;},{&quot;id&quot;:7173,&quot;url&quot;:&quot;http:\\\/\\\/cedetafro.org\\\/wp-content\\\/uploads\\\/2026\\\/01\\\/WhatsApp-Image-2026-01-30-at-17.34.59.jpeg&quot;},{&quot;id&quot;:6264,&quot;url&quot;:&quot;http:\\\/\\\/cedetafro.org\\\/wp-content\\\/uploads\\\/2025\\\/02\\\/WhatsApp-Image-2025-02-24-at-11.11.07-AM-13.jpeg&quot;}],&quot;background_slideshow_loop&quot;:&quot;yes&quot;,&quot;background_slideshow_slide_duration&quot;:5000,&quot;background_slideshow_slide_transition&quot;:&quot;fade&quot;,&quot;background_slideshow_transition_duration&quot;:500,&quot;_ha_eqh_enable&quot;:false}\">\n\t\t<div class=\"elementor-element elementor-element-f0956b1 e-con-full e-flex e-con e-child\" data-id=\"f0956b1\" data-element_type=\"container\" data-e-type=\"container\" data-settings=\"{&quot;background_background&quot;:&quot;classic&quot;,&quot;_ha_eqh_enable&quot;:false}\">\n\t\t\t\t<div class=\"elementor-element elementor-element-7233a7e elementor-widget__width-initial elementor-widget elementor-widget-heading\" data-id=\"7233a7e\" data-element_type=\"widget\" data-e-type=\"widget\" data-widget_type=\"heading.default\">\n\t\t\t\t\t<h2 class=\"elementor-heading-title elementor-size-default\">PROMOVIENDO DESARROLLO AFROPERUANO<\/h2>\t\t\t\t<\/div>\n\t\t\t\t<div class=\"elementor-element elementor-element-a409876 elementor-widget__width-initial elementor-widget elementor-widget-text-editor\" data-id=\"a409876\" data-element_type=\"widget\" data-e-type=\"widget\" data-widget_type=\"text-editor.default\">\n\t\t\t\t\t\t\t\t\t<div>Impulsamos el progreso afroperuano mediante programas educativos, proyectos de desarrollo comunitario e investigaci\u00f3n cultural para construir un futuro m\u00e1s equitativo.<\/div>\t\t\t\t\t\t\t\t<\/div>\n\t\t\t\t<div class=\"elementor-element elementor-element-6d65264 elementor-align-left elementor-widget elementor-widget-button\" data-id=\"6d65264\" data-element_type=\"widget\" data-e-type=\"widget\" data-widget_type=\"button.default\">\n\t\t\t\t\t\t\t\t\t\t<a class=\"elementor-button elementor-button-link elementor-size-sm\" href=\"https:\/\/cedetafro.org\/?page_id=6595#\">\n\t\t\t\t\t\t<span class=\"elementor-button-content-wrapper\">\n\t\t\t\t\t\t\t\t\t<span class=\"elementor-button-text\">Ver m\u00e1s<\/span>\n\t\t\t\t\t<\/span>\n\t\t\t\t\t<\/a>\n\t\t\t\t\t\t\t\t<\/div>\n\t\t\t\t<\/div>\n\t\t\t\t<\/div>\n\t\t<div class=\"elementor-element elementor-element-a69a17f e-con-full elementor-hidden-desktop e-flex e-con e-parent\" data-id=\"a69a17f\" data-element_type=\"container\" data-e-type=\"container\">\n\t\t<div class=\"elementor-element elementor-element-83fc2c9 e-con-full e-flex e-con e-child\" data-id=\"83fc2c9\" data-element_type=\"container\" data-e-type=\"container\" data-settings=\"{&quot;background_background&quot;:&quot;classic&quot;,&quot;_ha_eqh_enable&quot;:false}\">\n\t\t\t\t<\/div>\n\t\t<div class=\"elementor-element elementor-element-da52963 e-con-full e-flex e-con e-child\" data-id=\"da52963\" data-element_type=\"container\" data-e-type=\"container\" data-settings=\"{&quot;background_background&quot;:&quot;classic&quot;,&quot;_ha_eqh_enable&quot;:false}\">\n\t\t\t\t<div class=\"elementor-element elementor-element-6f80310 elementor-widget__width-initial elementor-widget elementor-widget-heading\" data-id=\"6f80310\" data-element_type=\"widget\" data-e-type=\"widget\" data-widget_type=\"heading.default\">\n\t\t\t\t\t<h2 class=\"elementor-heading-title elementor-size-default\">PROMOVIENDO DESARROLLO AFROPERUANO<\/h2>\t\t\t\t<\/div>\n\t\t\t\t<div class=\"elementor-element elementor-element-f58a88e elementor-widget__width-initial elementor-widget elementor-widget-text-editor\" data-id=\"f58a88e\" data-element_type=\"widget\" data-e-type=\"widget\" data-widget_type=\"text-editor.default\">\n\t\t\t\t\t\t\t\t\t<div>Impulsamos el progreso afroperuano mediante programas educativos, proyectos de desarrollo comunitario e investigaci\u00f3n cultural para construir un futuro m\u00e1s equitativo.<\/div>\t\t\t\t\t\t\t\t<\/div>\n\t\t\t\t<div class=\"elementor-element elementor-element-73e390e elementor-align-left elementor-widget elementor-widget-button\" data-id=\"73e390e\" data-element_type=\"widget\" data-e-type=\"widget\" data-widget_type=\"button.default\">\n\t\t\t\t\t\t\t\t\t\t<a class=\"elementor-button elementor-button-link elementor-size-sm\" href=\"https:\/\/cedetafro.org\/?page_id=6595#\">\n\t\t\t\t\t\t<span class=\"elementor-button-content-wrapper\">\n\t\t\t\t\t\t\t\t\t<span class=\"elementor-button-text\">Ver m\u00e1s<\/span>\n\t\t\t\t\t<\/span>\n\t\t\t\t\t<\/a>\n\t\t\t\t\t\t\t\t<\/div>\n\t\t\t\t<\/div>\n\t\t\t\t<\/div>\n\t\t<div class=\"elementor-element elementor-element-d9b7ef3 e-con-full e-flex e-con e-parent\" data-id=\"d9b7ef3\" data-element_type=\"container\" data-e-type=\"container\" data-settings=\"{&quot;background_background&quot;:&quot;classic&quot;,&quot;_ha_eqh_enable&quot;:false}\">\n\t\t\t\t<div class=\"elementor-element elementor-element-5f9bc54 elementor-widget elementor-widget-heading\" data-id=\"5f9bc54\" data-element_type=\"widget\" data-e-type=\"widget\" data-widget_type=\"heading.default\">\n\t\t\t\t\t<h2 class=\"elementor-heading-title elementor-size-default\">Nosotros<\/h2>\t\t\t\t<\/div>\n\t\t\t\t<div class=\"elementor-element elementor-element-584172b elementor-widget elementor-widget-text-editor\" data-id=\"584172b\" data-element_type=\"widget\" data-e-type=\"widget\" data-widget_type=\"text-editor.default\">\n\t\t\t\t\t\t\t\t\t<p>Una asociaci\u00f3n civil sin fines de lucro fundada el 1 de julio de 1999, que nace como una agrupaci\u00f3n dedicada a la investigaci\u00f3n, promoci\u00f3n, difusi\u00f3n, y ejecuci\u00f3n de proyectos sociales que contribuyan al desarrollo en el \u00e1mbito local, regional y nacional.<\/p>\t\t\t\t\t\t\t\t<\/div>\n\t\t\t\t<div class=\"elementor-element elementor-element-a6bb900 elementor-align-left elementor-widget elementor-widget-button\" data-id=\"a6bb900\" data-element_type=\"widget\" data-e-type=\"widget\" data-widget_type=\"button.default\">\n\t\t\t\t\t\t\t\t\t\t<a class=\"elementor-button elementor-button-link elementor-size-sm\" href=\"https:\/\/cedetafro.org\/?page_id=6447\">\n\t\t\t\t\t\t<span class=\"elementor-button-content-wrapper\">\n\t\t\t\t\t\t\t\t\t<span class=\"elementor-button-text\">Ver m\u00e1s<\/span>\n\t\t\t\t\t<\/span>\n\t\t\t\t\t<\/a>\n\t\t\t\t\t\t\t\t<\/div>\n\t\t\t\t<\/div>\n\t\t<div class=\"elementor-element elementor-element-f78e9e2 e-con-full e-flex e-con e-parent\" data-id=\"f78e9e2\" data-element_type=\"container\" data-e-type=\"container\" data-settings=\"{&quot;background_background&quot;:&quot;classic&quot;,&quot;_ha_eqh_enable&quot;:false}\">\n\t\t\t\t<div class=\"elementor-element elementor-element-f0b71f3 elementor-widget__width-initial elementor-widget-mobile__width-initial elementor-widget-tablet__width-initial elementor-widget elementor-widget-heading\" data-id=\"f0b71f3\" data-element_type=\"widget\" data-e-type=\"widget\" data-widget_type=\"heading.default\">\n\t\t\t\t\t<h2 class=\"elementor-heading-title elementor-size-default\">Lo mejor de la editorial<\/h2>\t\t\t\t<\/div>\n\t\t\t\t<div class=\"elementor-element elementor-element-b0df0d3 elementor-product-loop-item--align-left elementor-grid-3 elementor-grid-mobile-1 elementor-grid-tablet-3 elementor-products-grid elementor-wc-products elementor-widget elementor-widget-woocommerce-products\" data-id=\"b0df0d3\" data-element_type=\"widget\" data-e-type=\"widget\" data-widget_type=\"woocommerce-products.default\">\n\t\t\t\t<div class=\"elementor-widget-container\">\n\t\t\t\t\t<div class=\"woocommerce columns-3 \"><ul class=\"products elementor-grid columns-3\">\n<li class=\"desktop-align-left tablet-align-left mobile-align-left product type-product post-7647 status-publish first instock product_cat-alma-negra has-post-thumbnail shipping-taxable purchasable product-type-simple\">\n\t<a href=\"https:\/\/cedetafro.org\/producto\/cuentan-los-antiguos\/\" class=\"woocommerce-LoopProduct-link woocommerce-loop-product__link\"><img fetchpriority=\"high\" decoding=\"async\" width=\"300\" height=\"300\" src=\"https:\/\/cedetafro.org\/wp-content\/uploads\/2026\/02\/Screenshot-2026-02-19-at-1.01.05-AM-300x300.png\" class=\"attachment-woocommerce_thumbnail size-woocommerce_thumbnail\" alt=\"Cuentan los Antiguos\" srcset=\"https:\/\/cedetafro.org\/wp-content\/uploads\/2026\/02\/Screenshot-2026-02-19-at-1.01.05-AM-300x300.png 300w, https:\/\/cedetafro.org\/wp-content\/uploads\/2026\/02\/Screenshot-2026-02-19-at-1.01.05-AM-150x150.png 150w, https:\/\/cedetafro.org\/wp-content\/uploads\/2026\/02\/Screenshot-2026-02-19-at-1.01.05-AM-100x100.png 100w\" sizes=\"(max-width: 300px) 100vw, 300px\" \/><h2 class=\"woocommerce-loop-product__title\">Cuentan los Antiguos<\/h2>\n\t<span class=\"price\"><span class=\"woocommerce-Price-amount amount\"><bdi><span class=\"woocommerce-Price-currencySymbol\">S\/<\/span>&nbsp;15.00<\/bdi><\/span><\/span>\n<\/a>\t\t<a id=\"sendbtn\" href=\"https:\/\/web.whatsapp.com\/send?phone=51990632322&text=Hola%2C%20mi%20nombre%20es%0D%0A%0D%0A%2ACuentan%20los%20Antiguos%2A%0A%2APrecio%3A%2A%20S%2F%C2%A015.00%0A%2AURL%3A%2A%20https%3A%2F%2Fcedetafro.org%2Fproducto%2Fcuentan-los-antiguos%2F%0D%0A%0D%0AGracias%21&app_absent=0\" title=\"Complete order on WhatsApp to buy Cuentan los Antiguos\" target=\"_blank\" class=\"button add_to_cart_button wa-shop-button product_type_simple\">\r\n\t\t\tAdquirir editoral\t\t<\/a>\r\n\t<\/li>\n<li class=\"desktop-align-left tablet-align-left mobile-align-left product type-product post-7644 status-publish instock product_cat-alma-negra has-post-thumbnail shipping-taxable purchasable product-type-simple\">\n\t<a href=\"https:\/\/cedetafro.org\/producto\/al-pie-del-cerro-puntudo\/\" class=\"woocommerce-LoopProduct-link woocommerce-loop-product__link\"><img decoding=\"async\" width=\"300\" height=\"300\" src=\"https:\/\/cedetafro.org\/wp-content\/uploads\/2026\/02\/Screenshot-2026-02-19-at-12.57.50-AM-300x300.png\" class=\"attachment-woocommerce_thumbnail size-woocommerce_thumbnail\" alt=\"Al pie del cerro puntudo\" srcset=\"https:\/\/cedetafro.org\/wp-content\/uploads\/2026\/02\/Screenshot-2026-02-19-at-12.57.50-AM-300x300.png 300w, https:\/\/cedetafro.org\/wp-content\/uploads\/2026\/02\/Screenshot-2026-02-19-at-12.57.50-AM-150x150.png 150w, https:\/\/cedetafro.org\/wp-content\/uploads\/2026\/02\/Screenshot-2026-02-19-at-12.57.50-AM-100x100.png 100w\" sizes=\"(max-width: 300px) 100vw, 300px\" \/><h2 class=\"woocommerce-loop-product__title\">Al pie del cerro puntudo<\/h2>\n\t<span class=\"price\"><span class=\"woocommerce-Price-amount amount\"><bdi><span class=\"woocommerce-Price-currencySymbol\">S\/<\/span>&nbsp;15.00<\/bdi><\/span><\/span>\n<\/a>\t\t<a id=\"sendbtn\" href=\"https:\/\/web.whatsapp.com\/send?phone=51990632322&text=Hola%2C%20mi%20nombre%20es%0D%0A%0D%0A%2AAl%20pie%20del%20cerro%20puntudo%2A%0A%2APrecio%3A%2A%20S%2F%C2%A015.00%0A%2AURL%3A%2A%20https%3A%2F%2Fcedetafro.org%2Fproducto%2Fal-pie-del-cerro-puntudo%2F%0D%0A%0D%0AGracias%21&app_absent=0\" title=\"Complete order on WhatsApp to buy Al pie del cerro puntudo\" target=\"_blank\" class=\"button add_to_cart_button wa-shop-button product_type_simple\">\r\n\t\t\tAdquirir editoral\t\t<\/a>\r\n\t<\/li>\n<li class=\"desktop-align-left tablet-align-left mobile-align-left product type-product post-7642 status-publish last instock product_cat-argumentos has-post-thumbnail shipping-taxable purchasable product-type-simple\">\n\t<a href=\"https:\/\/cedetafro.org\/producto\/identidad-historia-y-politica\/\" class=\"woocommerce-LoopProduct-link woocommerce-loop-product__link\"><img decoding=\"async\" width=\"300\" height=\"300\" src=\"https:\/\/cedetafro.org\/wp-content\/uploads\/2026\/02\/Screenshot-2026-02-19-at-1.06.57-AM-300x300.png\" class=\"attachment-woocommerce_thumbnail size-woocommerce_thumbnail\" alt=\"Identidad, Historia y Pol\u00edtica\" srcset=\"https:\/\/cedetafro.org\/wp-content\/uploads\/2026\/02\/Screenshot-2026-02-19-at-1.06.57-AM-300x300.png 300w, https:\/\/cedetafro.org\/wp-content\/uploads\/2026\/02\/Screenshot-2026-02-19-at-1.06.57-AM-150x150.png 150w, https:\/\/cedetafro.org\/wp-content\/uploads\/2026\/02\/Screenshot-2026-02-19-at-1.06.57-AM-100x100.png 100w\" sizes=\"(max-width: 300px) 100vw, 300px\" \/><h2 class=\"woocommerce-loop-product__title\">Identidad, Historia y Pol\u00edtica<\/h2>\n\t<span class=\"price\"><span class=\"woocommerce-Price-amount amount\"><bdi><span class=\"woocommerce-Price-currencySymbol\">S\/<\/span>&nbsp;25.00<\/bdi><\/span><\/span>\n<\/a>\t\t<a id=\"sendbtn\" href=\"https:\/\/web.whatsapp.com\/send?phone=51990632322&text=Hola%2C%20mi%20nombre%20es%0D%0A%0D%0A%2AIdentidad%2C%20Historia%20y%20Pol%C3%ADtica%2A%0A%2APrecio%3A%2A%20S%2F%C2%A025.00%0A%2AURL%3A%2A%20https%3A%2F%2Fcedetafro.org%2Fproducto%2Fidentidad-historia-y-politica%2F%0D%0A%0D%0AGracias%21&app_absent=0\" title=\"Complete order on WhatsApp to buy Identidad, Historia y Pol\u00edtica\" target=\"_blank\" class=\"button add_to_cart_button wa-shop-button product_type_simple\">\r\n\t\t\tAdquirir editoral\t\t<\/a>\r\n\t<\/li>\n<\/ul>\n<\/div>\t\t\t\t<\/div>\n\t\t\t\t<\/div>\n\t\t\t\t<\/div>\n\t\t<div class=\"elementor-element elementor-element-7271b9a e-con-full e-flex e-con e-parent\" data-id=\"7271b9a\" data-element_type=\"container\" data-e-type=\"container\" data-settings=\"{&quot;background_background&quot;:&quot;classic&quot;,&quot;_ha_eqh_enable&quot;:false}\">\n\t\t\t\t<div class=\"elementor-element elementor-element-de00adf elementor-widget__width-inherit elementor-widget-mobile__width-initial elementor-widget elementor-widget-heading\" data-id=\"de00adf\" data-element_type=\"widget\" data-e-type=\"widget\" data-widget_type=\"heading.default\">\n\t\t\t\t\t<h2 class=\"elementor-heading-title elementor-size-default\">Aliados estrategicos<\/h2>\t\t\t\t<\/div>\n\t\t\t\t<div class=\"elementor-element elementor-element-12af011 elementor-widget elementor-widget-image-carousel\" data-id=\"12af011\" data-element_type=\"widget\" data-e-type=\"widget\" data-settings=\"{&quot;slides_to_show&quot;:&quot;4&quot;,&quot;slides_to_show_mobile&quot;:&quot;1&quot;,&quot;slides_to_scroll&quot;:&quot;4&quot;,&quot;navigation&quot;:&quot;none&quot;,&quot;autoplay&quot;:&quot;yes&quot;,&quot;pause_on_hover&quot;:&quot;yes&quot;,&quot;pause_on_interaction&quot;:&quot;yes&quot;,&quot;autoplay_speed&quot;:5000,&quot;infinite&quot;:&quot;yes&quot;,&quot;speed&quot;:500,&quot;image_spacing_custom&quot;:{&quot;unit&quot;:&quot;px&quot;,&quot;size&quot;:20,&quot;sizes&quot;:[]},&quot;image_spacing_custom_tablet&quot;:{&quot;unit&quot;:&quot;px&quot;,&quot;size&quot;:&quot;&quot;,&quot;sizes&quot;:[]}}\" data-widget_type=\"image-carousel.default\">\n\t\t\t\t\t\t\t<div class=\"elementor-image-carousel-wrapper swiper\" role=\"region\" aria-roledescription=\"carousel\" aria-label=\"Carrusel de im\u00e1genes\" dir=\"ltr\">\n\t\t\t<div class=\"elementor-image-carousel swiper-wrapper\" aria-live=\"off\">\n\t\t\t\t\t\t\t\t<div class=\"swiper-slide\" role=\"group\" aria-roledescription=\"slide\" aria-label=\"1 de 10\"><figure class=\"swiper-slide-inner\"><img decoding=\"async\" class=\"swiper-slide-image\" src=\"http:\/\/cedetafro.org\/wp-content\/uploads\/2026\/02\/CITAFRO-Coalicion-Internacional-de-Territorios-Afrodescendientes-1.png\" alt=\"CITAFRO - Coalicio\u0301n Internacional de Territorios Afrodescendientes 1\" \/><\/figure><\/div><div class=\"swiper-slide\" role=\"group\" aria-roledescription=\"slide\" aria-label=\"2 de 10\"><figure class=\"swiper-slide-inner\"><img decoding=\"async\" class=\"swiper-slide-image\" src=\"http:\/\/cedetafro.org\/wp-content\/uploads\/2026\/02\/RRI-CLARIFI-1.png\" alt=\"RRI - CLARIFI 1\" \/><\/figure><\/div><div class=\"swiper-slide\" role=\"group\" aria-roledescription=\"slide\" aria-label=\"3 de 10\"><figure class=\"swiper-slide-inner\"><img decoding=\"async\" class=\"swiper-slide-image\" src=\"http:\/\/cedetafro.org\/wp-content\/uploads\/2026\/02\/CLUA-1.png\" alt=\"CLUA 1\" \/><\/figure><\/div><div class=\"swiper-slide\" role=\"group\" aria-roledescription=\"slide\" aria-label=\"4 de 10\"><figure class=\"swiper-slide-inner\"><img decoding=\"async\" class=\"swiper-slide-image\" src=\"http:\/\/cedetafro.org\/wp-content\/uploads\/2026\/02\/CONAQ-1.png\" alt=\"CONAQ 1\" \/><\/figure><\/div><div class=\"swiper-slide\" role=\"group\" aria-roledescription=\"slide\" aria-label=\"5 de 10\"><figure class=\"swiper-slide-inner\"><img decoding=\"async\" class=\"swiper-slide-image\" src=\"http:\/\/cedetafro.org\/wp-content\/uploads\/2026\/02\/Coordinadora_Nacional_de_Derechos_Humanos_CNDDHH_logo.svg-1.png\" alt=\"Coordinadora_Nacional_de_Derechos_Humanos_(CNDDHH)_logo.svg 1\" \/><\/figure><\/div><div class=\"swiper-slide\" role=\"group\" aria-roledescription=\"slide\" aria-label=\"6 de 10\"><figure class=\"swiper-slide-inner\"><img decoding=\"async\" class=\"swiper-slide-image\" src=\"http:\/\/cedetafro.org\/wp-content\/uploads\/2026\/02\/FUNDACION-HILEROS-DE-COLOBIA-1.png\" alt=\"FUNDACIO\u0301N HILEROS DE COLOBIA 1\" \/><\/figure><\/div><div class=\"swiper-slide\" role=\"group\" aria-roledescription=\"slide\" aria-label=\"7 de 10\"><figure class=\"swiper-slide-inner\"><img decoding=\"async\" class=\"swiper-slide-image\" src=\"http:\/\/cedetafro.org\/wp-content\/uploads\/2026\/02\/Proceso-de-comunidades-negras-de-colombia-1.png\" alt=\"Proceso de comunidades negras de colombia 1\" \/><\/figure><\/div><div class=\"swiper-slide\" role=\"group\" aria-roledescription=\"slide\" aria-label=\"8 de 10\"><figure class=\"swiper-slide-inner\"><img decoding=\"async\" class=\"swiper-slide-image\" src=\"http:\/\/cedetafro.org\/wp-content\/uploads\/2026\/02\/FundacionFord_logo-1.png\" alt=\"FundacionFord_logo 1\" \/><\/figure><\/div><div class=\"swiper-slide\" role=\"group\" aria-roledescription=\"slide\" aria-label=\"9 de 10\"><figure class=\"swiper-slide-inner\"><img decoding=\"async\" class=\"swiper-slide-image\" src=\"http:\/\/cedetafro.org\/wp-content\/uploads\/2026\/02\/ministerio_de_cultura_peru-1.png\" alt=\"ministerio_de_cultura_peru 1\" \/><\/figure><\/div><div class=\"swiper-slide\" role=\"group\" aria-roledescription=\"slide\" aria-label=\"10 de 10\"><figure class=\"swiper-slide-inner\"><img decoding=\"async\" class=\"swiper-slide-image\" src=\"http:\/\/cedetafro.org\/wp-content\/uploads\/2026\/02\/Organizadores-02-1-removebg-preview-1.png\" alt=\"Organizadores-02-1-removebg-preview 1\" \/><\/figure><\/div>\t\t\t<\/div>\n\t\t\t\t\t\t\t\n\t\t\t\t\t\t\t\t\t<\/div>\n\t\t\t\t\t\t<\/div>\n\t\t\t\t<\/div>\n\t\t\t\t<\/div>\n\t\t","protected":false},"excerpt":{"rendered":"<p>PROMOVIENDO DESARROLLO AFROPERUANO Impulsamos el progreso afroperuano mediante programas educativos, proyectos de desarrollo comunitario e investigaci\u00f3n cultural para construir un futuro m\u00e1s equitativo. Ver m\u00e1s PROMOVIENDO DESARROLLO AFROPERUANO Impulsamos el progreso afroperuano mediante programas educativos, proyectos de desarrollo comunitario e investigaci\u00f3n cultural para construir un futuro m\u00e1s equitativo. Ver m\u00e1s Nosotros Una asociaci\u00f3n civil sin [&hellip;]<\/p>\n","protected":false},"author":2,"featured_media":7029,"parent":0,"menu_order":1,"comment_status":"closed","ping_status":"closed","template":"elementor_header_footer","meta":{"site-sidebar-layout":"no-sidebar","site-content-layout":"","ast-site-content-layout":"full-width-container","site-content-style":"unboxed","site-sidebar-style":"unboxed","ast-global-header-display":"","ast-banner-title-visibility":"","ast-main-header-display":"","ast-hfb-above-header-display":"","ast-hfb-below-header-display":"","ast-hfb-mobile-header-display":"","site-post-title":"","ast-breadcrumbs-content":"","ast-featured-img":"","footer-sml-layout":"","ast-disable-related-posts":"","theme-transparent-header-meta":"","adv-header-id-meta":"","stick-header-meta":"","header-above-stick-meta":"","header-main-stick-meta":"","header-below-stick-meta":"","astra-migrate-meta-layouts":"set","ast-page-background-enabled":"default","ast-page-background-meta":{"desktop":{"background-color":"var(--ast-global-color-4)","background-image":"","background-repeat":"repeat","background-position":"center center","background-size":"auto","background-attachment":"scroll","background-type":"","background-media":"","overlay-type":"","overlay-color":"","overlay-opacity":"","overlay-gradient":""},"tablet":{"background-color":"","background-image":"","background-repeat":"repeat","background-position":"center center","background-size":"auto","background-attachment":"scroll","background-type":"","background-media":"","overlay-type":"","overlay-color":"","overlay-opacity":"","overlay-gradient":""},"mobile":{"background-color":"","background-image":"","background-repeat":"repeat","background-position":"center center","background-size":"auto","background-attachment":"scroll","background-type":"","background-media":"","overlay-type":"","overlay-color":"","overlay-opacity":"","overlay-gradient":""}},"ast-content-background-meta":{"desktop":{"background-color":"var(--ast-global-color-5)","background-image":"","background-repeat":"repeat","background-position":"center center","background-size":"auto","background-attachment":"scroll","background-type":"","background-media":"","overlay-type":"","overlay-color":"","overlay-opacity":"","overlay-gradient":""},"tablet":{"background-color":"var(--ast-global-color-5)","background-image":"","background-repeat":"repeat","background-position":"center center","background-size":"auto","background-attachment":"scroll","background-type":"","background-media":"","overlay-type":"","overlay-color":"","overlay-opacity":"","overlay-gradient":""},"mobile":{"background-color":"var(--ast-global-color-5)","background-image":"","background-repeat":"repeat","background-position":"center center","background-size":"auto","background-attachment":"scroll","background-type":"","background-media":"","overlay-type":"","overlay-color":"","overlay-opacity":"","overlay-gradient":""}},"footnotes":""},"class_list":["post-6368","page","type-page","status-publish","has-post-thumbnail","hentry"],"_links":{"self":[{"href":"https:\/\/cedetafro.org\/wp-json\/wp\/v2\/pages\/6368","targetHints":{"allow":["GET"]}}],"collection":[{"href":"https:\/\/cedetafro.org\/wp-json\/wp\/v2\/pages"}],"about":[{"href":"https:\/\/cedetafro.org\/wp-json\/wp\/v2\/types\/page"}],"author":[{"embeddable":true,"href":"https:\/\/cedetafro.org\/wp-json\/wp\/v2\/users\/2"}],"replies":[{"embeddable":true,"href":"https:\/\/cedetafro.org\/wp-json\/wp\/v2\/comments?post=6368"}],"version-history":[{"count":146,"href":"https:\/\/cedetafro.org\/wp-json\/wp\/v2\/pages\/6368\/revisions"}],"predecessor-version":[{"id":7515,"href":"https:\/\/cedetafro.org\/wp-json\/wp\/v2\/pages\/6368\/revisions\/7515"}],"wp:featuredmedia":[{"embeddable":true,"href":"https:\/\/cedetafro.org\/wp-json\/wp\/v2\/media\/7029"}],"wp:attachment":[{"href":"https:\/\/cedetafro.org\/wp-json\/wp\/v2\/media?parent=6368"}],"curies":[{"name":"wp","href":"https:\/\/api.w.org\/{rel}","templated":true}]}}