{"id":7639,"date":"2026-02-19T00:55:47","date_gmt":"2026-02-19T05:55:47","guid":{"rendered":"https:\/\/cedetafro.org\/?post_type=product&#038;p=7639"},"modified":"2026-02-19T00:55:47","modified_gmt":"2026-02-19T05:55:47","slug":"la-poblacion-afroperuana-y-los-derechos-humanos","status":"publish","type":"product","link":"http:\/\/cedetafro.org\/producto\/la-poblacion-afroperuana-y-los-derechos-humanos\/","title":{"rendered":"La poblaci\u00f3n afroperuana y los derechos humanos"},"content":{"rendered":"<p class=\"p1\">Diagn\u00f3stico sobre el Plan Nacional de Derechos Humanos Basado en encuestas y talleres regionales, presenta cifras sobre desconocimiento de derechos humanos, pobreza y subrepresentaci\u00f3n pol\u00edtica.Constituye la primera investigaci\u00f3n sistem\u00e1tica de este tipo en la historia afroperuana del pa\u00eds.<\/p>\n","protected":false},"excerpt":{"rendered":"<p class=\"p1\">Desarrolla el concepto de justicia reparativa en el derecho internacional y su aplicaci\u00f3n a la esclavitud y trata trasatl\u00e1ntica.Analiza c\u00f3mo la noci\u00f3n de reparaci\u00f3n pas\u00f3 de ser interestatal a incluir a grupos espec\u00edficos v\u00edctimas de violencia estructural.<\/p>\n","protected":false},"featured_media":7640,"comment_status":"open","ping_status":"closed","template":"","meta":{"site-sidebar-layout":"default","site-content-layout":"","ast-site-content-layout":"default","site-content-style":"default","site-sidebar-style":"default","ast-global-header-display":"","ast-banner-title-visibility":"","ast-main-header-display":"","ast-hfb-above-header-display":"","ast-hfb-below-header-display":"","ast-hfb-mobile-header-display":"","site-post-title":"","ast-breadcrumbs-content":"","ast-featured-img":"","footer-sml-layout":"","ast-disable-related-posts":"","theme-transparent-header-meta":"default","adv-header-id-meta":"","stick-header-meta":"","header-above-stick-meta":"","header-main-stick-meta":"","header-below-stick-meta":"","astra-migrate-meta-layouts":"set","ast-page-background-enabled":"default","ast-page-background-meta":{"desktop":{"background-color":"var(--ast-global-color-4)","background-image":"","background-repeat":"repeat","background-position":"center center","background-size":"auto","background-attachment":"scroll","background-type":"","background-media":"","overlay-type":"","overlay-color":"","overlay-opacity":"","overlay-gradient":""},"tablet":{"background-color":"","background-image":"","background-repeat":"repeat","background-position":"center center","background-size":"auto","background-attachment":"scroll","background-type":"","background-media":"","overlay-type":"","overlay-color":"","overlay-opacity":"","overlay-gradient":""},"mobile":{"background-color":"","background-image":"","background-repeat":"repeat","background-position":"center center","background-size":"auto","background-attachment":"scroll","background-type":"","background-media":"","overlay-type":"","overlay-color":"","overlay-opacity":"","overlay-gradient":""}},"ast-content-background-meta":{"desktop":{"background-color":"var(--ast-global-color-5)","background-image":"","background-repeat":"repeat","background-position":"center center","background-size":"auto","background-attachment":"scroll","background-type":"","background-media":"","overlay-type":"","overlay-color":"","overlay-opacity":"","overlay-gradient":""},"tablet":{"background-color":"var(--ast-global-color-5)","background-image":"","background-repeat":"repeat","background-position":"center center","background-size":"auto","background-attachment":"scroll","background-type":"","background-media":"","overlay-type":"","overlay-color":"","overlay-opacity":"","overlay-gradient":""},"mobile":{"background-color":"var(--ast-global-color-5)","background-image":"","background-repeat":"repeat","background-position":"center center","background-size":"auto","background-attachment":"scroll","background-type":"","background-media":"","overlay-type":"","overlay-color":"","overlay-opacity":"","overlay-gradient":""}}},"product_brand":[],"product_cat":[67],"product_tag":[],"class_list":{"0":"post-7639","1":"product","2":"type-product","3":"status-publish","4":"has-post-thumbnail","6":"product_cat-argumentos","7":"desktop-align-left","8":"tablet-align-left","9":"mobile-align-left","11":"first","12":"instock","13":"shipping-taxable","14":"purchasable","15":"product-type-simple"},"_links":{"self":[{"href":"http:\/\/cedetafro.org\/wp-json\/wp\/v2\/product\/7639","targetHints":{"allow":["GET"]}}],"collection":[{"href":"http:\/\/cedetafro.org\/wp-json\/wp\/v2\/product"}],"about":[{"href":"http:\/\/cedetafro.org\/wp-json\/wp\/v2\/types\/product"}],"replies":[{"embeddable":true,"href":"http:\/\/cedetafro.org\/wp-json\/wp\/v2\/comments?post=7639"}],"version-history":[{"count":1,"href":"http:\/\/cedetafro.org\/wp-json\/wp\/v2\/product\/7639\/revisions"}],"predecessor-version":[{"id":7641,"href":"http:\/\/cedetafro.org\/wp-json\/wp\/v2\/product\/7639\/revisions\/7641"}],"wp:featuredmedia":[{"embeddable":true,"href":"http:\/\/cedetafro.org\/wp-json\/wp\/v2\/media\/7640"}],"wp:attachment":[{"href":"http:\/\/cedetafro.org\/wp-json\/wp\/v2\/media?parent=7639"}],"wp:term":[{"taxonomy":"product_brand","embeddable":true,"href":"http:\/\/cedetafro.org\/wp-json\/wp\/v2\/product_brand?post=7639"},{"taxonomy":"product_cat","embeddable":true,"href":"http:\/\/cedetafro.org\/wp-json\/wp\/v2\/product_cat?post=7639"},{"taxonomy":"product_tag","embeddable":true,"href":"http:\/\/cedetafro.org\/wp-json\/wp\/v2\/product_tag?post=7639"}],"curies":[{"name":"wp","href":"https:\/\/api.w.org\/{rel}","templated":true}]}}