{"id":7618,"date":"2026-02-19T00:33:27","date_gmt":"2026-02-19T05:33:27","guid":{"rendered":"https:\/\/cedetafro.org\/?post_type=product&#038;p=7618"},"modified":"2026-02-19T00:34:52","modified_gmt":"2026-02-19T05:34:52","slug":"los-jesuitas-y-lo-esclavos-en-hispano-america-s-xvi-xviii","status":"publish","type":"product","link":"http:\/\/cedetafro.org\/producto\/los-jesuitas-y-lo-esclavos-en-hispano-america-s-xvi-xviii\/","title":{"rendered":"Los jesuitas y lo esclavos en hispano am\u00e9rica S. XVI\u2013XVIII"},"content":{"rendered":"<p class=\"p1\">Resulta extra\u00f1o. Pero es evidente que en muchos casos el saber embota las posibilidades perceptivas. Lo miserable y lo inmenso, por ejemplo, a veces est\u00e1n m\u00e1s cercanos al hombre de las cavernas que al bachiller de Oxford. De aqu\u00ed que el super civilizado haya tenido que elucubrar toda una teor\u00eda matem\u00e1tica \u2013C\u00e1lculo Diferencial y C\u00e1lculo Integral\u2013 para llegar al conocimiento de lo infinitamente peque\u00f1o y de lo infinitamente grande. Y, no obstante tal producto, apenas si empieza a comprender algo donde se juntan miseria y sublimidad: el dolor humano.<\/p>\n","protected":false},"excerpt":{"rendered":"<p class=\"p1\">Resulta extra\u00f1o. Pero es evidente que en muchos casos el saber embota las posibilidades perceptivas. Lo miserable y lo inmenso, por ejemplo, a veces est\u00e1n m\u00e1s cercanos al hombre de las cavernas que al bachiller de Oxford. De aqu\u00ed que el super civilizado haya tenido que elucubrar toda una teor\u00eda matem\u00e1tica \u2013C\u00e1lculo Diferencial y C\u00e1lculo Integral\u2013 para llegar al conocimiento de lo infinitamente peque\u00f1o y de lo infinitamente grande. Y, no obstante tal producto, apenas si empieza a comprender algo donde se juntan miseria y sublimidad: el dolor humano.<\/p>\n<p class=\"p1\">As\u00ed sucedi\u00f3 con el comercio del hombre negro. Fueron precisos cuatro siglos de trata inmunda y lacerante para que llegara a los o\u00eddos del occidental el grito amargo del hermano negro azotado por el ronzal y marcado por el hierro al rojo. Desde el siglo XVI la voz clerical se elev\u00f3, valiente, contra esa injusticia, o trat\u00f3 de suavizar ese sufrir. Por eso figura la Compa\u00f1\u00eda de Jes\u00fas entre las instituciones antiesclavistas, con los nombres de los P. P. Avenda\u00f1o, Sandoval, Claver y Castillo. Pero en cambio, hubieron de pasar esos cuatro siglos que antes dije, para que en la masa despertara un sentimiento de justicia social para el hombre de color.<\/p>\n<p class=\"p1\">Los finales del siglo XVIII, momento en que lo anterior se produce, son de singular inter\u00e9s para el estudio de la esclavitud en nuestro continente. El trato que el blanco ha mantenido ininterrumpidamente con el esclavo despierta la parte afectiva del indiano o del criollo. Los principios proclamados en la Revoluci\u00f3n Francesa y en el proceso emancipador de las colonias sajonas ponen luz de comprensi\u00f3n en esas conciencias. Y, casi al mismo tiempo, en Boston, los Wheatley apoyan el despertar a la literatura sajona de su esclava senegalesa Phyllis; Manuel Ignacio da Silva Alvarenga llega a Catedr\u00e1tico de Ret\u00f3rica bajo la protecci\u00f3n del Virrey Vasconcelos, en Brasil; en Cuba los poetas blancos a\u00fanan esfuerzos para comprar la libertad de Juan Francisco Manzano; y en el Per\u00fa se da el sintom\u00e1tico caso de Vald\u00e9s.<\/p>\n<p class=\"p1\">Salvo peque\u00f1as diferencias, los hechos que concurren a esos procesos son iguales. Por eso el an\u00e1lisis de lo sucedido con nuestro mulato puede dar un patr\u00f3n casi continental. Pero m\u00e1s interesante es a\u00fan como caso exclusivamente nuestro.<\/p>\n","protected":false},"featured_media":7621,"comment_status":"open","ping_status":"closed","template":"","meta":{"site-sidebar-layout":"default","site-content-layout":"","ast-site-content-layout":"default","site-content-style":"default","site-sidebar-style":"default","ast-global-header-display":"","ast-banner-title-visibility":"","ast-main-header-display":"","ast-hfb-above-header-display":"","ast-hfb-below-header-display":"","ast-hfb-mobile-header-display":"","site-post-title":"","ast-breadcrumbs-content":"","ast-featured-img":"","footer-sml-layout":"","ast-disable-related-posts":"","theme-transparent-header-meta":"default","adv-header-id-meta":"","stick-header-meta":"","header-above-stick-meta":"","header-main-stick-meta":"","header-below-stick-meta":"","astra-migrate-meta-layouts":"set","ast-page-background-enabled":"default","ast-page-background-meta":{"desktop":{"background-color":"var(--ast-global-color-4)","background-image":"","background-repeat":"repeat","background-position":"center center","background-size":"auto","background-attachment":"scroll","background-type":"","background-media":"","overlay-type":"","overlay-color":"","overlay-opacity":"","overlay-gradient":""},"tablet":{"background-color":"","background-image":"","background-repeat":"repeat","background-position":"center center","background-size":"auto","background-attachment":"scroll","background-type":"","background-media":"","overlay-type":"","overlay-color":"","overlay-opacity":"","overlay-gradient":""},"mobile":{"background-color":"","background-image":"","background-repeat":"repeat","background-position":"center center","background-size":"auto","background-attachment":"scroll","background-type":"","background-media":"","overlay-type":"","overlay-color":"","overlay-opacity":"","overlay-gradient":""}},"ast-content-background-meta":{"desktop":{"background-color":"var(--ast-global-color-5)","background-image":"","background-repeat":"repeat","background-position":"center center","background-size":"auto","background-attachment":"scroll","background-type":"","background-media":"","overlay-type":"","overlay-color":"","overlay-opacity":"","overlay-gradient":""},"tablet":{"background-color":"var(--ast-global-color-5)","background-image":"","background-repeat":"repeat","background-position":"center center","background-size":"auto","background-attachment":"scroll","background-type":"","background-media":"","overlay-type":"","overlay-color":"","overlay-opacity":"","overlay-gradient":""},"mobile":{"background-color":"var(--ast-global-color-5)","background-image":"","background-repeat":"repeat","background-position":"center center","background-size":"auto","background-attachment":"scroll","background-type":"","background-media":"","overlay-type":"","overlay-color":"","overlay-opacity":"","overlay-gradient":""}}},"product_brand":[],"product_cat":[65],"product_tag":[],"class_list":{"0":"post-7618","1":"product","2":"type-product","3":"status-publish","4":"has-post-thumbnail","6":"product_cat-mano-negra","7":"desktop-align-left","8":"tablet-align-left","9":"mobile-align-left","11":"first","12":"instock","13":"virtual","14":"purchasable","15":"product-type-simple"},"_links":{"self":[{"href":"http:\/\/cedetafro.org\/wp-json\/wp\/v2\/product\/7618","targetHints":{"allow":["GET"]}}],"collection":[{"href":"http:\/\/cedetafro.org\/wp-json\/wp\/v2\/product"}],"about":[{"href":"http:\/\/cedetafro.org\/wp-json\/wp\/v2\/types\/product"}],"replies":[{"embeddable":true,"href":"http:\/\/cedetafro.org\/wp-json\/wp\/v2\/comments?post=7618"}],"version-history":[{"count":1,"href":"http:\/\/cedetafro.org\/wp-json\/wp\/v2\/product\/7618\/revisions"}],"predecessor-version":[{"id":7619,"href":"http:\/\/cedetafro.org\/wp-json\/wp\/v2\/product\/7618\/revisions\/7619"}],"wp:featuredmedia":[{"embeddable":true,"href":"http:\/\/cedetafro.org\/wp-json\/wp\/v2\/media\/7621"}],"wp:attachment":[{"href":"http:\/\/cedetafro.org\/wp-json\/wp\/v2\/media?parent=7618"}],"wp:term":[{"taxonomy":"product_brand","embeddable":true,"href":"http:\/\/cedetafro.org\/wp-json\/wp\/v2\/product_brand?post=7618"},{"taxonomy":"product_cat","embeddable":true,"href":"http:\/\/cedetafro.org\/wp-json\/wp\/v2\/product_cat?post=7618"},{"taxonomy":"product_tag","embeddable":true,"href":"http:\/\/cedetafro.org\/wp-json\/wp\/v2\/product_tag?post=7618"}],"curies":[{"name":"wp","href":"https:\/\/api.w.org\/{rel}","templated":true}]}}