{"id":7593,"date":"2026-02-18T20:32:49","date_gmt":"2026-02-19T01:32:49","guid":{"rendered":"https:\/\/cedetafro.org\/?post_type=product&#038;p=7593"},"modified":"2026-02-18T20:35:34","modified_gmt":"2026-02-19T01:35:34","slug":"los-afroperuanos-racismo-discriminacion-e-identidad","status":"publish","type":"product","link":"http:\/\/cedetafro.org\/producto\/los-afroperuanos-racismo-discriminacion-e-identidad\/","title":{"rendered":"Los Afroperuanos: Racismo, Discriminaci\u00f3n e Identidad"},"content":{"rendered":"<p>Este libro aborda racismo, discriminaci\u00f3n, identidad y derechos humanos. Luciano destac\u00f3 por la fuerza de sus argumentos y la l\u00f3gica de sus planteamientos. Recoger sus ideas resulta trascendental porque tuvo como uno de los asuntos centrales de sus reflexiones a los afrodescendientes, aportando una visi\u00f3n cr\u00edtica y profunda sobre su situaci\u00f3n hist\u00f3rica y contempor\u00e1nea.<\/p>\n","protected":false},"excerpt":{"rendered":"<p>Este libro aborda racismo, discriminaci\u00f3n, identidad y derechos humanos. Luciano destac\u00f3 por la fuerza de sus argumentos y la l\u00f3gica de sus planteamientos. Recoger sus ideas resulta trascendental porque tuvo como uno de los asuntos centrales de sus reflexiones a los afrodescendientes, aportando una visi\u00f3n cr\u00edtica y profunda sobre su situaci\u00f3n hist\u00f3rica y contempor\u00e1nea.<\/p>\n","protected":false},"featured_media":7594,"comment_status":"open","ping_status":"closed","template":"","meta":{"site-sidebar-layout":"default","site-content-layout":"","ast-site-content-layout":"default","site-content-style":"default","site-sidebar-style":"default","ast-global-header-display":"","ast-banner-title-visibility":"","ast-main-header-display":"","ast-hfb-above-header-display":"","ast-hfb-below-header-display":"","ast-hfb-mobile-header-display":"","site-post-title":"","ast-breadcrumbs-content":"","ast-featured-img":"","footer-sml-layout":"","ast-disable-related-posts":"","theme-transparent-header-meta":"default","adv-header-id-meta":"","stick-header-meta":"","header-above-stick-meta":"","header-main-stick-meta":"","header-below-stick-meta":"","astra-migrate-meta-layouts":"set","ast-page-background-enabled":"default","ast-page-background-meta":{"desktop":{"background-color":"var(--ast-global-color-4)","background-image":"","background-repeat":"repeat","background-position":"center center","background-size":"auto","background-attachment":"scroll","background-type":"","background-media":"","overlay-type":"","overlay-color":"","overlay-opacity":"","overlay-gradient":""},"tablet":{"background-color":"","background-image":"","background-repeat":"repeat","background-position":"center center","background-size":"auto","background-attachment":"scroll","background-type":"","background-media":"","overlay-type":"","overlay-color":"","overlay-opacity":"","overlay-gradient":""},"mobile":{"background-color":"","background-image":"","background-repeat":"repeat","background-position":"center center","background-size":"auto","background-attachment":"scroll","background-type":"","background-media":"","overlay-type":"","overlay-color":"","overlay-opacity":"","overlay-gradient":""}},"ast-content-background-meta":{"desktop":{"background-color":"var(--ast-global-color-5)","background-image":"","background-repeat":"repeat","background-position":"center center","background-size":"auto","background-attachment":"scroll","background-type":"","background-media":"","overlay-type":"","overlay-color":"","overlay-opacity":"","overlay-gradient":""},"tablet":{"background-color":"var(--ast-global-color-5)","background-image":"","background-repeat":"repeat","background-position":"center center","background-size":"auto","background-attachment":"scroll","background-type":"","background-media":"","overlay-type":"","overlay-color":"","overlay-opacity":"","overlay-gradient":""},"mobile":{"background-color":"var(--ast-global-color-5)","background-image":"","background-repeat":"repeat","background-position":"center center","background-size":"auto","background-attachment":"scroll","background-type":"","background-media":"","overlay-type":"","overlay-color":"","overlay-opacity":"","overlay-gradient":""}}},"product_brand":[],"product_cat":[65],"product_tag":[],"class_list":{"0":"post-7593","1":"product","2":"type-product","3":"status-publish","4":"has-post-thumbnail","6":"product_cat-mano-negra","7":"desktop-align-left","8":"tablet-align-left","9":"mobile-align-left","11":"first","12":"instock","13":"virtual","14":"purchasable","15":"product-type-simple"},"_links":{"self":[{"href":"http:\/\/cedetafro.org\/wp-json\/wp\/v2\/product\/7593","targetHints":{"allow":["GET"]}}],"collection":[{"href":"http:\/\/cedetafro.org\/wp-json\/wp\/v2\/product"}],"about":[{"href":"http:\/\/cedetafro.org\/wp-json\/wp\/v2\/types\/product"}],"replies":[{"embeddable":true,"href":"http:\/\/cedetafro.org\/wp-json\/wp\/v2\/comments?post=7593"}],"version-history":[{"count":1,"href":"http:\/\/cedetafro.org\/wp-json\/wp\/v2\/product\/7593\/revisions"}],"predecessor-version":[{"id":7595,"href":"http:\/\/cedetafro.org\/wp-json\/wp\/v2\/product\/7593\/revisions\/7595"}],"wp:featuredmedia":[{"embeddable":true,"href":"http:\/\/cedetafro.org\/wp-json\/wp\/v2\/media\/7594"}],"wp:attachment":[{"href":"http:\/\/cedetafro.org\/wp-json\/wp\/v2\/media?parent=7593"}],"wp:term":[{"taxonomy":"product_brand","embeddable":true,"href":"http:\/\/cedetafro.org\/wp-json\/wp\/v2\/product_brand?post=7593"},{"taxonomy":"product_cat","embeddable":true,"href":"http:\/\/cedetafro.org\/wp-json\/wp\/v2\/product_cat?post=7593"},{"taxonomy":"product_tag","embeddable":true,"href":"http:\/\/cedetafro.org\/wp-json\/wp\/v2\/product_tag?post=7593"}],"curies":[{"name":"wp","href":"https:\/\/api.w.org\/{rel}","templated":true}]}}