{"id":7584,"date":"2026-02-16T14:22:59","date_gmt":"2026-02-16T19:22:59","guid":{"rendered":"https:\/\/cedetafro.org\/?post_type=product&#038;p=7584"},"modified":"2026-02-19T00:35:44","modified_gmt":"2026-02-19T05:35:44","slug":"herencia-de-esclavos-en-el-norte-del-peru","status":"publish","type":"product","link":"http:\/\/cedetafro.org\/producto\/herencia-de-esclavos-en-el-norte-del-peru\/","title":{"rendered":"Herencia de esclavos en el norte del Per\u00fa"},"content":{"rendered":"<p class=\"p1\">El Tema M\u00e1s importante de este libro es ubicar la presencia de los esclavizados del norte del Per\u00fa dentro del contexto internacional. Estudios de los \u00faltimos 15 a\u00f1os en diversos pa\u00edses inciden en el tema de la di\u00e1spora africana. Y efectivamente, hay nuevas investigaciones del desplazamiento de los africanos durante cerca de 400 a\u00f1os en las Am\u00e9ricas. Los trabajos sobre la Ruta de esclavos nos han dado nuevas luces.En este estudio tratamos de ubicar al norte del Per\u00fa como un espacio en donde confluyeron esclavizados de diversos origen procedente del \u00c1frica, Afincados en nuevas tierras, desarrollaron un proceso de interculturalidad con otras etnias como los yungas norte\u00f1os, los espa\u00f1oles, y luego conoleadas de migrantes procedentes de las zonas altoandinas.<\/p>\n","protected":false},"excerpt":{"rendered":"<p>El Tema M\u00e1s importante de este libro es ubicar la presencia de los esclavizados del norte del Per\u00fa dentro del contexto internacional.<\/p>\n","protected":false},"featured_media":7586,"comment_status":"open","ping_status":"closed","template":"","meta":{"site-sidebar-layout":"default","site-content-layout":"","ast-site-content-layout":"default","site-content-style":"default","site-sidebar-style":"default","ast-global-header-display":"","ast-banner-title-visibility":"","ast-main-header-display":"","ast-hfb-above-header-display":"","ast-hfb-below-header-display":"","ast-hfb-mobile-header-display":"","site-post-title":"","ast-breadcrumbs-content":"","ast-featured-img":"","footer-sml-layout":"","ast-disable-related-posts":"","theme-transparent-header-meta":"default","adv-header-id-meta":"","stick-header-meta":"","header-above-stick-meta":"","header-main-stick-meta":"","header-below-stick-meta":"","astra-migrate-meta-layouts":"set","ast-page-background-enabled":"default","ast-page-background-meta":{"desktop":{"background-color":"var(--ast-global-color-4)","background-image":"","background-repeat":"repeat","background-position":"center center","background-size":"auto","background-attachment":"scroll","background-type":"","background-media":"","overlay-type":"","overlay-color":"","overlay-opacity":"","overlay-gradient":""},"tablet":{"background-color":"","background-image":"","background-repeat":"repeat","background-position":"center center","background-size":"auto","background-attachment":"scroll","background-type":"","background-media":"","overlay-type":"","overlay-color":"","overlay-opacity":"","overlay-gradient":""},"mobile":{"background-color":"","background-image":"","background-repeat":"repeat","background-position":"center center","background-size":"auto","background-attachment":"scroll","background-type":"","background-media":"","overlay-type":"","overlay-color":"","overlay-opacity":"","overlay-gradient":""}},"ast-content-background-meta":{"desktop":{"background-color":"var(--ast-global-color-5)","background-image":"","background-repeat":"repeat","background-position":"center center","background-size":"auto","background-attachment":"scroll","background-type":"","background-media":"","overlay-type":"","overlay-color":"","overlay-opacity":"","overlay-gradient":""},"tablet":{"background-color":"var(--ast-global-color-5)","background-image":"","background-repeat":"repeat","background-position":"center center","background-size":"auto","background-attachment":"scroll","background-type":"","background-media":"","overlay-type":"","overlay-color":"","overlay-opacity":"","overlay-gradient":""},"mobile":{"background-color":"var(--ast-global-color-5)","background-image":"","background-repeat":"repeat","background-position":"center center","background-size":"auto","background-attachment":"scroll","background-type":"","background-media":"","overlay-type":"","overlay-color":"","overlay-opacity":"","overlay-gradient":""}}},"product_brand":[],"product_cat":[65],"product_tag":[],"class_list":{"0":"post-7584","1":"product","2":"type-product","3":"status-publish","4":"has-post-thumbnail","6":"product_cat-mano-negra","7":"desktop-align-left","8":"tablet-align-left","9":"mobile-align-left","11":"first","12":"instock","13":"virtual","14":"purchasable","15":"product-type-simple"},"_links":{"self":[{"href":"http:\/\/cedetafro.org\/wp-json\/wp\/v2\/product\/7584","targetHints":{"allow":["GET"]}}],"collection":[{"href":"http:\/\/cedetafro.org\/wp-json\/wp\/v2\/product"}],"about":[{"href":"http:\/\/cedetafro.org\/wp-json\/wp\/v2\/types\/product"}],"replies":[{"embeddable":true,"href":"http:\/\/cedetafro.org\/wp-json\/wp\/v2\/comments?post=7584"}],"version-history":[{"count":2,"href":"http:\/\/cedetafro.org\/wp-json\/wp\/v2\/product\/7584\/revisions"}],"predecessor-version":[{"id":7623,"href":"http:\/\/cedetafro.org\/wp-json\/wp\/v2\/product\/7584\/revisions\/7623"}],"wp:featuredmedia":[{"embeddable":true,"href":"http:\/\/cedetafro.org\/wp-json\/wp\/v2\/media\/7586"}],"wp:attachment":[{"href":"http:\/\/cedetafro.org\/wp-json\/wp\/v2\/media?parent=7584"}],"wp:term":[{"taxonomy":"product_brand","embeddable":true,"href":"http:\/\/cedetafro.org\/wp-json\/wp\/v2\/product_brand?post=7584"},{"taxonomy":"product_cat","embeddable":true,"href":"http:\/\/cedetafro.org\/wp-json\/wp\/v2\/product_cat?post=7584"},{"taxonomy":"product_tag","embeddable":true,"href":"http:\/\/cedetafro.org\/wp-json\/wp\/v2\/product_tag?post=7584"}],"curies":[{"name":"wp","href":"https:\/\/api.w.org\/{rel}","templated":true}]}}