{"id":7579,"date":"2026-02-16T14:13:05","date_gmt":"2026-02-16T19:13:05","guid":{"rendered":"https:\/\/cedetafro.org\/?post_type=product&#038;p=7579"},"modified":"2026-02-19T00:34:11","modified_gmt":"2026-02-19T05:34:11","slug":"replanteando-la-esclavitud","status":"publish","type":"product","link":"http:\/\/cedetafro.org\/producto\/replanteando-la-esclavitud\/","title":{"rendered":"Replanteamiento de la esclavitud"},"content":{"rendered":"<p class=\"p1\">Probablemente ninguno de nosotros, habr\u00eda conocido los nombres y experiencias de seres humanos cuya condici\u00f3n \u00e9tnica y social los condenaba en vida a la marginalidad y la invisibilidad como personajes hist\u00f3ricos. Gracias a Maribel sus casos salen a la luz y recuperan el protagonismo que, pese a todo tuvieron en su momento. M\u00e1s all\u00e1 de cualquier romanticismo respecto a la experiencia hist\u00f3rica de los grupos subalternos, la importancia de este rescate radica en que hace posible entender mejor como estaban estructuradas las sociedades en el pasado, qu\u00e9mecanismos sociales, mentales, culturales y econ\u00f3micos hac\u00edan posible su funcionamiento, y qu\u00e9 papel desempe\u00f1aba la acci\u00f3n de los seres humanos, los poderosos y los oprimidos, los amos y sus esclavos y esclavas.<\/p>\n","protected":false},"excerpt":{"rendered":"<p>Probablemente ninguno de nosotros, habr\u00eda conocido los nombres y experiencias de seres humanos cuya condici\u00f3n \u00e9tnica y social los condenaba en vida a la marginalidad y la invisibilidad como personajes hist\u00f3ricos.<\/p>\n","protected":false},"featured_media":7583,"comment_status":"open","ping_status":"closed","template":"","meta":{"site-sidebar-layout":"default","site-content-layout":"","ast-site-content-layout":"default","site-content-style":"default","site-sidebar-style":"default","ast-global-header-display":"","ast-banner-title-visibility":"","ast-main-header-display":"","ast-hfb-above-header-display":"","ast-hfb-below-header-display":"","ast-hfb-mobile-header-display":"","site-post-title":"","ast-breadcrumbs-content":"","ast-featured-img":"","footer-sml-layout":"","ast-disable-related-posts":"","theme-transparent-header-meta":"default","adv-header-id-meta":"","stick-header-meta":"","header-above-stick-meta":"","header-main-stick-meta":"","header-below-stick-meta":"","astra-migrate-meta-layouts":"set","ast-page-background-enabled":"default","ast-page-background-meta":{"desktop":{"background-color":"var(--ast-global-color-4)","background-image":"","background-repeat":"repeat","background-position":"center center","background-size":"auto","background-attachment":"scroll","background-type":"","background-media":"","overlay-type":"","overlay-color":"","overlay-opacity":"","overlay-gradient":""},"tablet":{"background-color":"","background-image":"","background-repeat":"repeat","background-position":"center center","background-size":"auto","background-attachment":"scroll","background-type":"","background-media":"","overlay-type":"","overlay-color":"","overlay-opacity":"","overlay-gradient":""},"mobile":{"background-color":"","background-image":"","background-repeat":"repeat","background-position":"center center","background-size":"auto","background-attachment":"scroll","background-type":"","background-media":"","overlay-type":"","overlay-color":"","overlay-opacity":"","overlay-gradient":""}},"ast-content-background-meta":{"desktop":{"background-color":"var(--ast-global-color-5)","background-image":"","background-repeat":"repeat","background-position":"center center","background-size":"auto","background-attachment":"scroll","background-type":"","background-media":"","overlay-type":"","overlay-color":"","overlay-opacity":"","overlay-gradient":""},"tablet":{"background-color":"var(--ast-global-color-5)","background-image":"","background-repeat":"repeat","background-position":"center center","background-size":"auto","background-attachment":"scroll","background-type":"","background-media":"","overlay-type":"","overlay-color":"","overlay-opacity":"","overlay-gradient":""},"mobile":{"background-color":"var(--ast-global-color-5)","background-image":"","background-repeat":"repeat","background-position":"center center","background-size":"auto","background-attachment":"scroll","background-type":"","background-media":"","overlay-type":"","overlay-color":"","overlay-opacity":"","overlay-gradient":""}}},"product_brand":[],"product_cat":[65],"product_tag":[],"class_list":{"0":"post-7579","1":"product","2":"type-product","3":"status-publish","4":"has-post-thumbnail","6":"product_cat-mano-negra","7":"desktop-align-left","8":"tablet-align-left","9":"mobile-align-left","11":"first","12":"instock","13":"virtual","14":"purchasable","15":"product-type-simple"},"_links":{"self":[{"href":"http:\/\/cedetafro.org\/wp-json\/wp\/v2\/product\/7579","targetHints":{"allow":["GET"]}}],"collection":[{"href":"http:\/\/cedetafro.org\/wp-json\/wp\/v2\/product"}],"about":[{"href":"http:\/\/cedetafro.org\/wp-json\/wp\/v2\/types\/product"}],"replies":[{"embeddable":true,"href":"http:\/\/cedetafro.org\/wp-json\/wp\/v2\/comments?post=7579"}],"version-history":[{"count":4,"href":"http:\/\/cedetafro.org\/wp-json\/wp\/v2\/product\/7579\/revisions"}],"predecessor-version":[{"id":7620,"href":"http:\/\/cedetafro.org\/wp-json\/wp\/v2\/product\/7579\/revisions\/7620"}],"wp:featuredmedia":[{"embeddable":true,"href":"http:\/\/cedetafro.org\/wp-json\/wp\/v2\/media\/7583"}],"wp:attachment":[{"href":"http:\/\/cedetafro.org\/wp-json\/wp\/v2\/media?parent=7579"}],"wp:term":[{"taxonomy":"product_brand","embeddable":true,"href":"http:\/\/cedetafro.org\/wp-json\/wp\/v2\/product_brand?post=7579"},{"taxonomy":"product_cat","embeddable":true,"href":"http:\/\/cedetafro.org\/wp-json\/wp\/v2\/product_cat?post=7579"},{"taxonomy":"product_tag","embeddable":true,"href":"http:\/\/cedetafro.org\/wp-json\/wp\/v2\/product_tag?post=7579"}],"curies":[{"name":"wp","href":"https:\/\/api.w.org\/{rel}","templated":true}]}}