{"id":7576,"date":"2026-02-16T14:09:14","date_gmt":"2026-02-16T19:09:14","guid":{"rendered":"https:\/\/cedetafro.org\/?post_type=product&#038;p=7576"},"modified":"2026-02-16T14:10:50","modified_gmt":"2026-02-16T19:10:50","slug":"negritud","status":"publish","type":"product","link":"http:\/\/cedetafro.org\/producto\/negritud\/","title":{"rendered":"Negritud"},"content":{"rendered":"<p class=\"p1\">Resistencia y existencia, son dos conceptos que sintetizan la experiencia hist\u00f3rica y la problem\u00e1tica de los afroperuanos. Tom\u00e1ndolos como ejes, el reconocido antrop\u00f3logo Humberto Rodr\u00edguez Pastor re\u00fane en el presente volumen el fruto de 20 a\u00f1os de investigaci\u00f3n, en donde la pr\u00e1ctica multidisciplinaria, el trabajo de campo y la praxis pol\u00edtica han ido modelando los diferentes textos, queabarcan desde las historias de vida, ensayos etnohist\u00f3ricos e historiogr\u00e1ficos, la reflexi\u00f3n personal entorno al endorracismo, las rese\u00f1as bibliogr\u00e1ficas, el testimonio sobre personajes importantes para el mundo afroperuano y propuestas pol\u00edticas desarrolladas en diferentes coyunturas.<\/p>\n","protected":false},"excerpt":{"rendered":"<p>Resistencia y existencia, son dos conceptos que sintetizan la experiencia hist\u00f3rica y la problem\u00e1tica de los afroperuanos.<\/p>\n","protected":false},"featured_media":7577,"comment_status":"open","ping_status":"closed","template":"","meta":{"site-sidebar-layout":"default","site-content-layout":"","ast-site-content-layout":"default","site-content-style":"default","site-sidebar-style":"default","ast-global-header-display":"","ast-banner-title-visibility":"","ast-main-header-display":"","ast-hfb-above-header-display":"","ast-hfb-below-header-display":"","ast-hfb-mobile-header-display":"","site-post-title":"","ast-breadcrumbs-content":"","ast-featured-img":"","footer-sml-layout":"","ast-disable-related-posts":"","theme-transparent-header-meta":"default","adv-header-id-meta":"","stick-header-meta":"","header-above-stick-meta":"","header-main-stick-meta":"","header-below-stick-meta":"","astra-migrate-meta-layouts":"set","ast-page-background-enabled":"default","ast-page-background-meta":{"desktop":{"background-color":"var(--ast-global-color-4)","background-image":"","background-repeat":"repeat","background-position":"center center","background-size":"auto","background-attachment":"scroll","background-type":"","background-media":"","overlay-type":"","overlay-color":"","overlay-opacity":"","overlay-gradient":""},"tablet":{"background-color":"","background-image":"","background-repeat":"repeat","background-position":"center center","background-size":"auto","background-attachment":"scroll","background-type":"","background-media":"","overlay-type":"","overlay-color":"","overlay-opacity":"","overlay-gradient":""},"mobile":{"background-color":"","background-image":"","background-repeat":"repeat","background-position":"center center","background-size":"auto","background-attachment":"scroll","background-type":"","background-media":"","overlay-type":"","overlay-color":"","overlay-opacity":"","overlay-gradient":""}},"ast-content-background-meta":{"desktop":{"background-color":"var(--ast-global-color-5)","background-image":"","background-repeat":"repeat","background-position":"center center","background-size":"auto","background-attachment":"scroll","background-type":"","background-media":"","overlay-type":"","overlay-color":"","overlay-opacity":"","overlay-gradient":""},"tablet":{"background-color":"var(--ast-global-color-5)","background-image":"","background-repeat":"repeat","background-position":"center center","background-size":"auto","background-attachment":"scroll","background-type":"","background-media":"","overlay-type":"","overlay-color":"","overlay-opacity":"","overlay-gradient":""},"mobile":{"background-color":"var(--ast-global-color-5)","background-image":"","background-repeat":"repeat","background-position":"center center","background-size":"auto","background-attachment":"scroll","background-type":"","background-media":"","overlay-type":"","overlay-color":"","overlay-opacity":"","overlay-gradient":""}}},"product_brand":[],"product_cat":[65],"product_tag":[],"class_list":{"0":"post-7576","1":"product","2":"type-product","3":"status-publish","4":"has-post-thumbnail","6":"product_cat-mano-negra","7":"desktop-align-left","8":"tablet-align-left","9":"mobile-align-left","11":"first","12":"instock","13":"virtual","14":"purchasable","15":"product-type-simple"},"_links":{"self":[{"href":"http:\/\/cedetafro.org\/wp-json\/wp\/v2\/product\/7576","targetHints":{"allow":["GET"]}}],"collection":[{"href":"http:\/\/cedetafro.org\/wp-json\/wp\/v2\/product"}],"about":[{"href":"http:\/\/cedetafro.org\/wp-json\/wp\/v2\/types\/product"}],"replies":[{"embeddable":true,"href":"http:\/\/cedetafro.org\/wp-json\/wp\/v2\/comments?post=7576"}],"version-history":[{"count":1,"href":"http:\/\/cedetafro.org\/wp-json\/wp\/v2\/product\/7576\/revisions"}],"predecessor-version":[{"id":7578,"href":"http:\/\/cedetafro.org\/wp-json\/wp\/v2\/product\/7576\/revisions\/7578"}],"wp:featuredmedia":[{"embeddable":true,"href":"http:\/\/cedetafro.org\/wp-json\/wp\/v2\/media\/7577"}],"wp:attachment":[{"href":"http:\/\/cedetafro.org\/wp-json\/wp\/v2\/media?parent=7576"}],"wp:term":[{"taxonomy":"product_brand","embeddable":true,"href":"http:\/\/cedetafro.org\/wp-json\/wp\/v2\/product_brand?post=7576"},{"taxonomy":"product_cat","embeddable":true,"href":"http:\/\/cedetafro.org\/wp-json\/wp\/v2\/product_cat?post=7576"},{"taxonomy":"product_tag","embeddable":true,"href":"http:\/\/cedetafro.org\/wp-json\/wp\/v2\/product_tag?post=7576"}],"curies":[{"name":"wp","href":"https:\/\/api.w.org\/{rel}","templated":true}]}}