{"id":6901,"date":"2026-01-21T01:13:21","date_gmt":"2026-01-21T06:13:21","guid":{"rendered":"https:\/\/cedetafro.org\/?post_type=product&#038;p=6901"},"modified":"2026-01-21T01:14:55","modified_gmt":"2026-01-21T06:14:55","slug":"presencia-y-persistencia-paradigma-cultural-de-los-afrodesendientes","status":"publish","type":"product","link":"http:\/\/cedetafro.org\/producto\/presencia-y-persistencia-paradigma-cultural-de-los-afrodesendientes\/","title":{"rendered":"Presencia y persistencia paradigma cultural de los afrodesendientes"},"content":{"rendered":"<p>El comercio de esclavos procedente de la costa Atl\u00e1ntica de \u00c1frica dur\u00f3 aproximadamente unos 350 a\u00f1os. La consecuencia directa de esa actividad. Fue la esclavizaci\u00f3n de millones de mujeres y hombres Y ni\u00f1os negroafricanos a los que se convirtieron a la fuerza. En elementos claves de la globalizaci\u00f3n emergente, es decir, de una nueva econom\u00eda global y globalizante. Lo cierto es que el esclavo no se integr\u00f3 con el esclavista Sino con el humilde. Entonces los bailes congo se convierte en plebeyos. Ojo que no por eso dejan de ser mal vistos por la aristocracia. El racismo de los de arriba se convierte en clasismo. Durante mucho tiempo la del plebeyo fue la identidad que se us\u00f3 en el pueblo sin referirse al tema \u00e9tnico.<\/p>\n","protected":false},"excerpt":{"rendered":"<p>El comercio de esclavos procedente de la costa Atl\u00e1ntica de \u00c1frica dur\u00f3 aproximadamente unos 350 a\u00f1os. La consecuencia directa de esa actividad. Fue la esclavizaci\u00f3n de millones de mujeres y hombres Y ni\u00f1os negroafricanos a los que se convirtieron a la fuerza.<\/p>\n","protected":false},"featured_media":6860,"comment_status":"open","ping_status":"closed","template":"","meta":{"site-sidebar-layout":"default","site-content-layout":"","ast-site-content-layout":"default","site-content-style":"default","site-sidebar-style":"default","ast-global-header-display":"","ast-banner-title-visibility":"","ast-main-header-display":"","ast-hfb-above-header-display":"","ast-hfb-below-header-display":"","ast-hfb-mobile-header-display":"","site-post-title":"","ast-breadcrumbs-content":"","ast-featured-img":"","footer-sml-layout":"","ast-disable-related-posts":"","theme-transparent-header-meta":"","adv-header-id-meta":"","stick-header-meta":"","header-above-stick-meta":"","header-main-stick-meta":"","header-below-stick-meta":"","astra-migrate-meta-layouts":"default","ast-page-background-enabled":"default","ast-page-background-meta":{"desktop":{"background-color":"var(--ast-global-color-4)","background-image":"","background-repeat":"repeat","background-position":"center center","background-size":"auto","background-attachment":"scroll","background-type":"","background-media":"","overlay-type":"","overlay-color":"","overlay-opacity":"","overlay-gradient":""},"tablet":{"background-color":"","background-image":"","background-repeat":"repeat","background-position":"center center","background-size":"auto","background-attachment":"scroll","background-type":"","background-media":"","overlay-type":"","overlay-color":"","overlay-opacity":"","overlay-gradient":""},"mobile":{"background-color":"","background-image":"","background-repeat":"repeat","background-position":"center center","background-size":"auto","background-attachment":"scroll","background-type":"","background-media":"","overlay-type":"","overlay-color":"","overlay-opacity":"","overlay-gradient":""}},"ast-content-background-meta":{"desktop":{"background-color":"var(--ast-global-color-5)","background-image":"","background-repeat":"repeat","background-position":"center center","background-size":"auto","background-attachment":"scroll","background-type":"","background-media":"","overlay-type":"","overlay-color":"","overlay-opacity":"","overlay-gradient":""},"tablet":{"background-color":"var(--ast-global-color-5)","background-image":"","background-repeat":"repeat","background-position":"center center","background-size":"auto","background-attachment":"scroll","background-type":"","background-media":"","overlay-type":"","overlay-color":"","overlay-opacity":"","overlay-gradient":""},"mobile":{"background-color":"var(--ast-global-color-5)","background-image":"","background-repeat":"repeat","background-position":"center center","background-size":"auto","background-attachment":"scroll","background-type":"","background-media":"","overlay-type":"","overlay-color":"","overlay-opacity":"","overlay-gradient":""}}},"product_brand":[],"product_cat":[66],"product_tag":[],"class_list":{"0":"post-6901","1":"product","2":"type-product","3":"status-publish","4":"has-post-thumbnail","6":"product_cat-caja-negra","7":"desktop-align-left","8":"tablet-align-left","9":"mobile-align-left","11":"first","12":"instock","13":"shipping-taxable","14":"purchasable","15":"product-type-simple"},"_links":{"self":[{"href":"http:\/\/cedetafro.org\/wp-json\/wp\/v2\/product\/6901","targetHints":{"allow":["GET"]}}],"collection":[{"href":"http:\/\/cedetafro.org\/wp-json\/wp\/v2\/product"}],"about":[{"href":"http:\/\/cedetafro.org\/wp-json\/wp\/v2\/types\/product"}],"replies":[{"embeddable":true,"href":"http:\/\/cedetafro.org\/wp-json\/wp\/v2\/comments?post=6901"}],"version-history":[{"count":1,"href":"http:\/\/cedetafro.org\/wp-json\/wp\/v2\/product\/6901\/revisions"}],"predecessor-version":[{"id":6902,"href":"http:\/\/cedetafro.org\/wp-json\/wp\/v2\/product\/6901\/revisions\/6902"}],"wp:featuredmedia":[{"embeddable":true,"href":"http:\/\/cedetafro.org\/wp-json\/wp\/v2\/media\/6860"}],"wp:attachment":[{"href":"http:\/\/cedetafro.org\/wp-json\/wp\/v2\/media?parent=6901"}],"wp:term":[{"taxonomy":"product_brand","embeddable":true,"href":"http:\/\/cedetafro.org\/wp-json\/wp\/v2\/product_brand?post=6901"},{"taxonomy":"product_cat","embeddable":true,"href":"http:\/\/cedetafro.org\/wp-json\/wp\/v2\/product_cat?post=6901"},{"taxonomy":"product_tag","embeddable":true,"href":"http:\/\/cedetafro.org\/wp-json\/wp\/v2\/product_tag?post=6901"}],"curies":[{"name":"wp","href":"https:\/\/api.w.org\/{rel}","templated":true}]}}