{"id":6891,"date":"2026-01-20T17:06:59","date_gmt":"2026-01-20T22:06:59","guid":{"rendered":"https:\/\/cedetafro.org\/?post_type=product&#038;p=6891"},"modified":"2026-01-21T00:46:51","modified_gmt":"2026-01-21T05:46:51","slug":"libertad-inclonclusa","status":"publish","type":"product","link":"http:\/\/cedetafro.org\/producto\/libertad-inclonclusa\/","title":{"rendered":"Libertad inclonclusa"},"content":{"rendered":"<p>Entorno a la esclavitud su abolici\u00f3n y los derechos civiles Visto en el proceso estructural, la b\u00fasqueda de la libertad por parte de los esclavos, fue una aspiraci\u00f3n constante desde los inicios de la instauraci\u00f3n del r\u00e9gimen colonial en los territorios del antiguo Tahuantinsuyo. Prueba de ello las constantes rebeliones y palenques que se formaron a lo largo de la costa y la presencia mayoritaria de la poblaci\u00f3n de ascendencia africana en las principales ciudades que llev\u00f3 al temor constante a lo largo de todo el virreinato a una rebeli\u00f3n generalizada, m\u00e1s a\u00fan cuando en las diferentes rebeliones ind\u00edgenas y especialmente en la de T\u00fapac Amaru la participaci\u00f3n negra era patente. Sin embargo el r\u00e9gimen esclavista se encontraba siendo minado desde adentro por los mismos esclavizados al conseguir pos sus propios medios y mediante estrategias que combinaban una serie de factores y agentes; la tan ansiada libertad. Tal es as\u00ed que al momento del decreto abolicionista el n\u00famero de esclavizados era menor frente al de la poblaci\u00f3n que hab\u00eda logrado su libertad por sus medios propios.<\/p>\n","protected":false},"excerpt":{"rendered":"<p>Entorno a la esclavitud su abolici\u00f3n y los derechos civiles Visto en el proceso estructural, la b\u00fasqueda de la libertad por parte de los esclavos, fue una aspiraci\u00f3n constante desde los inicios de la instauraci\u00f3n del r\u00e9gimen colonial en los territorios del antiguo Tahuantinsuyo.<\/p>\n","protected":false},"featured_media":6859,"comment_status":"open","ping_status":"closed","template":"","meta":{"site-sidebar-layout":"default","site-content-layout":"","ast-site-content-layout":"default","site-content-style":"default","site-sidebar-style":"default","ast-global-header-display":"","ast-banner-title-visibility":"","ast-main-header-display":"","ast-hfb-above-header-display":"","ast-hfb-below-header-display":"","ast-hfb-mobile-header-display":"","site-post-title":"","ast-breadcrumbs-content":"","ast-featured-img":"","footer-sml-layout":"","ast-disable-related-posts":"","theme-transparent-header-meta":"","adv-header-id-meta":"","stick-header-meta":"","header-above-stick-meta":"","header-main-stick-meta":"","header-below-stick-meta":"","astra-migrate-meta-layouts":"default","ast-page-background-enabled":"default","ast-page-background-meta":{"desktop":{"background-color":"var(--ast-global-color-4)","background-image":"","background-repeat":"repeat","background-position":"center center","background-size":"auto","background-attachment":"scroll","background-type":"","background-media":"","overlay-type":"","overlay-color":"","overlay-opacity":"","overlay-gradient":""},"tablet":{"background-color":"","background-image":"","background-repeat":"repeat","background-position":"center center","background-size":"auto","background-attachment":"scroll","background-type":"","background-media":"","overlay-type":"","overlay-color":"","overlay-opacity":"","overlay-gradient":""},"mobile":{"background-color":"","background-image":"","background-repeat":"repeat","background-position":"center center","background-size":"auto","background-attachment":"scroll","background-type":"","background-media":"","overlay-type":"","overlay-color":"","overlay-opacity":"","overlay-gradient":""}},"ast-content-background-meta":{"desktop":{"background-color":"var(--ast-global-color-5)","background-image":"","background-repeat":"repeat","background-position":"center center","background-size":"auto","background-attachment":"scroll","background-type":"","background-media":"","overlay-type":"","overlay-color":"","overlay-opacity":"","overlay-gradient":""},"tablet":{"background-color":"var(--ast-global-color-5)","background-image":"","background-repeat":"repeat","background-position":"center center","background-size":"auto","background-attachment":"scroll","background-type":"","background-media":"","overlay-type":"","overlay-color":"","overlay-opacity":"","overlay-gradient":""},"mobile":{"background-color":"var(--ast-global-color-5)","background-image":"","background-repeat":"repeat","background-position":"center center","background-size":"auto","background-attachment":"scroll","background-type":"","background-media":"","overlay-type":"","overlay-color":"","overlay-opacity":"","overlay-gradient":""}}},"product_brand":[],"product_cat":[66],"product_tag":[],"class_list":{"0":"post-6891","1":"product","2":"type-product","3":"status-publish","4":"has-post-thumbnail","6":"product_cat-caja-negra","7":"desktop-align-left","8":"tablet-align-left","9":"mobile-align-left","11":"first","12":"instock","13":"shipping-taxable","14":"purchasable","15":"product-type-simple"},"_links":{"self":[{"href":"http:\/\/cedetafro.org\/wp-json\/wp\/v2\/product\/6891","targetHints":{"allow":["GET"]}}],"collection":[{"href":"http:\/\/cedetafro.org\/wp-json\/wp\/v2\/product"}],"about":[{"href":"http:\/\/cedetafro.org\/wp-json\/wp\/v2\/types\/product"}],"replies":[{"embeddable":true,"href":"http:\/\/cedetafro.org\/wp-json\/wp\/v2\/comments?post=6891"}],"version-history":[{"count":1,"href":"http:\/\/cedetafro.org\/wp-json\/wp\/v2\/product\/6891\/revisions"}],"predecessor-version":[{"id":6892,"href":"http:\/\/cedetafro.org\/wp-json\/wp\/v2\/product\/6891\/revisions\/6892"}],"wp:featuredmedia":[{"embeddable":true,"href":"http:\/\/cedetafro.org\/wp-json\/wp\/v2\/media\/6859"}],"wp:attachment":[{"href":"http:\/\/cedetafro.org\/wp-json\/wp\/v2\/media?parent=6891"}],"wp:term":[{"taxonomy":"product_brand","embeddable":true,"href":"http:\/\/cedetafro.org\/wp-json\/wp\/v2\/product_brand?post=6891"},{"taxonomy":"product_cat","embeddable":true,"href":"http:\/\/cedetafro.org\/wp-json\/wp\/v2\/product_cat?post=6891"},{"taxonomy":"product_tag","embeddable":true,"href":"http:\/\/cedetafro.org\/wp-json\/wp\/v2\/product_tag?post=6891"}],"curies":[{"name":"wp","href":"https:\/\/api.w.org\/{rel}","templated":true}]}}