{"id":6889,"date":"2026-01-20T17:05:33","date_gmt":"2026-01-20T22:05:33","guid":{"rendered":"https:\/\/cedetafro.org\/?post_type=product&#038;p=6889"},"modified":"2026-01-20T17:05:33","modified_gmt":"2026-01-20T22:05:33","slug":"desde-adentro-etnoeducacion-e-interculturalidad-en-el-peru-y-america-latina","status":"publish","type":"product","link":"http:\/\/cedetafro.org\/producto\/desde-adentro-etnoeducacion-e-interculturalidad-en-el-peru-y-america-latina\/","title":{"rendered":"Desde adentro | Etnoeducaci\u00f3n e Interculturalidad en el Per\u00fa y Am\u00e9rica Latina"},"content":{"rendered":"<p>La etnoeducaci\u00f3n no es una alternativa a la educaci\u00f3n en s\u00ed, El principio de la educaci\u00f3n, como instrumento de reproducci\u00f3n, es de por s\u00ed cultural. Pertenece al \u00e1mbito de vida del individuo, componente b\u00e1sico de la cultura hace la circunstancia que configura al hombre. Aunque la etnoeducaci\u00f3n ha sido incorporada como parte de la estructura educativa formal en algunos pa\u00edses en realidad es una estrategia \u00e9tnica surgida de la misma cultura. Complementa y perfecciona la visi\u00f3n de la Interculturalidad ya que \u00e9sta debe asumir que en el Proceso Educativo no s\u00f3lo existen, se valoran, se respetan y se incorpora los valores de la cultura.<\/p>\n","protected":false},"excerpt":{"rendered":"<p>La etnoeducaci\u00f3n no es una alternativa a la educaci\u00f3n en s\u00ed, El principio de la educaci\u00f3n, como instrumento de reproducci\u00f3n, es de por s\u00ed cultural. Pertenece al \u00e1mbito de vida del individuo, componente b\u00e1sico de la cultura hace la circunstancia que configura al hombre.<\/p>\n","protected":false},"featured_media":6857,"comment_status":"open","ping_status":"closed","template":"","meta":{"site-sidebar-layout":"default","site-content-layout":"","ast-site-content-layout":"default","site-content-style":"default","site-sidebar-style":"default","ast-global-header-display":"","ast-banner-title-visibility":"","ast-main-header-display":"","ast-hfb-above-header-display":"","ast-hfb-below-header-display":"","ast-hfb-mobile-header-display":"","site-post-title":"","ast-breadcrumbs-content":"","ast-featured-img":"","footer-sml-layout":"","ast-disable-related-posts":"","theme-transparent-header-meta":"","adv-header-id-meta":"","stick-header-meta":"","header-above-stick-meta":"","header-main-stick-meta":"","header-below-stick-meta":"","astra-migrate-meta-layouts":"default","ast-page-background-enabled":"default","ast-page-background-meta":{"desktop":{"background-color":"var(--ast-global-color-4)","background-image":"","background-repeat":"repeat","background-position":"center center","background-size":"auto","background-attachment":"scroll","background-type":"","background-media":"","overlay-type":"","overlay-color":"","overlay-opacity":"","overlay-gradient":""},"tablet":{"background-color":"","background-image":"","background-repeat":"repeat","background-position":"center center","background-size":"auto","background-attachment":"scroll","background-type":"","background-media":"","overlay-type":"","overlay-color":"","overlay-opacity":"","overlay-gradient":""},"mobile":{"background-color":"","background-image":"","background-repeat":"repeat","background-position":"center center","background-size":"auto","background-attachment":"scroll","background-type":"","background-media":"","overlay-type":"","overlay-color":"","overlay-opacity":"","overlay-gradient":""}},"ast-content-background-meta":{"desktop":{"background-color":"var(--ast-global-color-5)","background-image":"","background-repeat":"repeat","background-position":"center center","background-size":"auto","background-attachment":"scroll","background-type":"","background-media":"","overlay-type":"","overlay-color":"","overlay-opacity":"","overlay-gradient":""},"tablet":{"background-color":"var(--ast-global-color-5)","background-image":"","background-repeat":"repeat","background-position":"center center","background-size":"auto","background-attachment":"scroll","background-type":"","background-media":"","overlay-type":"","overlay-color":"","overlay-opacity":"","overlay-gradient":""},"mobile":{"background-color":"var(--ast-global-color-5)","background-image":"","background-repeat":"repeat","background-position":"center center","background-size":"auto","background-attachment":"scroll","background-type":"","background-media":"","overlay-type":"","overlay-color":"","overlay-opacity":"","overlay-gradient":""}}},"product_brand":[],"product_cat":[66],"product_tag":[],"class_list":{"0":"post-6889","1":"product","2":"type-product","3":"status-publish","4":"has-post-thumbnail","6":"product_cat-caja-negra","7":"desktop-align-left","8":"tablet-align-left","9":"mobile-align-left","11":"first","12":"instock","13":"virtual","14":"purchasable","15":"product-type-simple"},"_links":{"self":[{"href":"http:\/\/cedetafro.org\/wp-json\/wp\/v2\/product\/6889","targetHints":{"allow":["GET"]}}],"collection":[{"href":"http:\/\/cedetafro.org\/wp-json\/wp\/v2\/product"}],"about":[{"href":"http:\/\/cedetafro.org\/wp-json\/wp\/v2\/types\/product"}],"replies":[{"embeddable":true,"href":"http:\/\/cedetafro.org\/wp-json\/wp\/v2\/comments?post=6889"}],"version-history":[{"count":1,"href":"http:\/\/cedetafro.org\/wp-json\/wp\/v2\/product\/6889\/revisions"}],"predecessor-version":[{"id":6890,"href":"http:\/\/cedetafro.org\/wp-json\/wp\/v2\/product\/6889\/revisions\/6890"}],"wp:featuredmedia":[{"embeddable":true,"href":"http:\/\/cedetafro.org\/wp-json\/wp\/v2\/media\/6857"}],"wp:attachment":[{"href":"http:\/\/cedetafro.org\/wp-json\/wp\/v2\/media?parent=6889"}],"wp:term":[{"taxonomy":"product_brand","embeddable":true,"href":"http:\/\/cedetafro.org\/wp-json\/wp\/v2\/product_brand?post=6889"},{"taxonomy":"product_cat","embeddable":true,"href":"http:\/\/cedetafro.org\/wp-json\/wp\/v2\/product_cat?post=6889"},{"taxonomy":"product_tag","embeddable":true,"href":"http:\/\/cedetafro.org\/wp-json\/wp\/v2\/product_tag?post=6889"}],"curies":[{"name":"wp","href":"https:\/\/api.w.org\/{rel}","templated":true}]}}