{"id":6887,"date":"2026-01-20T16:59:32","date_gmt":"2026-01-20T21:59:32","guid":{"rendered":"https:\/\/cedetafro.org\/?post_type=product&#038;p=6887"},"modified":"2026-01-21T01:00:34","modified_gmt":"2026-01-21T06:00:34","slug":"insumisas-racismo-sexismo-organizacion-politica","status":"publish","type":"product","link":"http:\/\/cedetafro.org\/producto\/insumisas-racismo-sexismo-organizacion-politica\/","title":{"rendered":"Insumisas | Racismo, sexismo, organizaci\u00f3n pol\u00edtica"},"content":{"rendered":"<p>Racismo, Sexismo Organizaci\u00f3n pol\u00edtica y desarrollo de la mujer afrodescendiente, re\u00fane una selecci\u00f3n de las ponencias presentadas al tercer Seminario Internacional. Los estereotipos con respecto a las mujeres afrodescendientes han significado una dura brecha al momento de acceder a diversos espacios sociales y se construyen en una seria amenaza en su inserci\u00f3n y visibilizaci\u00f3n como sujeto de derechos; al mismo tiempo el escaso inter\u00e9s del que sido objeto en el campo de los estudios acad\u00e9micos y de corrientes de reivindicaci\u00f3n como el feminismo ponen de manifiesto los dif\u00edciles escenarios en los cuales deben operar con el objetivo de lograr reivindicaciones sociales y pol\u00edticas.<\/p>\n","protected":false},"excerpt":{"rendered":"<p>Este volumen re\u00fane las ponencias del <b data-path-to-node=\"3\" data-index-in-node=\"37\">III Seminario Internacional<\/b>, analizando los desaf\u00edos cr\u00edticos que enfrentan las mujeres afrodescendientes. La obra expone c\u00f3mo los <b data-path-to-node=\"3\" data-index-in-node=\"168\">estereotipos hist\u00f3ricos<\/b> act\u00faan como barreras para el acceso a derechos y la visibilidad social.<\/p>\n","protected":false},"featured_media":6864,"comment_status":"open","ping_status":"closed","template":"","meta":{"site-sidebar-layout":"default","site-content-layout":"","ast-site-content-layout":"default","site-content-style":"default","site-sidebar-style":"default","ast-global-header-display":"","ast-banner-title-visibility":"","ast-main-header-display":"","ast-hfb-above-header-display":"","ast-hfb-below-header-display":"","ast-hfb-mobile-header-display":"","site-post-title":"","ast-breadcrumbs-content":"","ast-featured-img":"","footer-sml-layout":"","ast-disable-related-posts":"","theme-transparent-header-meta":"","adv-header-id-meta":"","stick-header-meta":"","header-above-stick-meta":"","header-main-stick-meta":"","header-below-stick-meta":"","astra-migrate-meta-layouts":"default","ast-page-background-enabled":"default","ast-page-background-meta":{"desktop":{"background-color":"var(--ast-global-color-4)","background-image":"","background-repeat":"repeat","background-position":"center center","background-size":"auto","background-attachment":"scroll","background-type":"","background-media":"","overlay-type":"","overlay-color":"","overlay-opacity":"","overlay-gradient":""},"tablet":{"background-color":"","background-image":"","background-repeat":"repeat","background-position":"center center","background-size":"auto","background-attachment":"scroll","background-type":"","background-media":"","overlay-type":"","overlay-color":"","overlay-opacity":"","overlay-gradient":""},"mobile":{"background-color":"","background-image":"","background-repeat":"repeat","background-position":"center center","background-size":"auto","background-attachment":"scroll","background-type":"","background-media":"","overlay-type":"","overlay-color":"","overlay-opacity":"","overlay-gradient":""}},"ast-content-background-meta":{"desktop":{"background-color":"var(--ast-global-color-5)","background-image":"","background-repeat":"repeat","background-position":"center center","background-size":"auto","background-attachment":"scroll","background-type":"","background-media":"","overlay-type":"","overlay-color":"","overlay-opacity":"","overlay-gradient":""},"tablet":{"background-color":"var(--ast-global-color-5)","background-image":"","background-repeat":"repeat","background-position":"center center","background-size":"auto","background-attachment":"scroll","background-type":"","background-media":"","overlay-type":"","overlay-color":"","overlay-opacity":"","overlay-gradient":""},"mobile":{"background-color":"var(--ast-global-color-5)","background-image":"","background-repeat":"repeat","background-position":"center center","background-size":"auto","background-attachment":"scroll","background-type":"","background-media":"","overlay-type":"","overlay-color":"","overlay-opacity":"","overlay-gradient":""}}},"product_brand":[],"product_cat":[66],"product_tag":[],"class_list":{"0":"post-6887","1":"product","2":"type-product","3":"status-publish","4":"has-post-thumbnail","6":"product_cat-caja-negra","7":"desktop-align-left","8":"tablet-align-left","9":"mobile-align-left","11":"first","12":"instock","13":"virtual","14":"purchasable","15":"product-type-simple"},"_links":{"self":[{"href":"http:\/\/cedetafro.org\/wp-json\/wp\/v2\/product\/6887","targetHints":{"allow":["GET"]}}],"collection":[{"href":"http:\/\/cedetafro.org\/wp-json\/wp\/v2\/product"}],"about":[{"href":"http:\/\/cedetafro.org\/wp-json\/wp\/v2\/types\/product"}],"replies":[{"embeddable":true,"href":"http:\/\/cedetafro.org\/wp-json\/wp\/v2\/comments?post=6887"}],"version-history":[{"count":1,"href":"http:\/\/cedetafro.org\/wp-json\/wp\/v2\/product\/6887\/revisions"}],"predecessor-version":[{"id":6888,"href":"http:\/\/cedetafro.org\/wp-json\/wp\/v2\/product\/6887\/revisions\/6888"}],"wp:featuredmedia":[{"embeddable":true,"href":"http:\/\/cedetafro.org\/wp-json\/wp\/v2\/media\/6864"}],"wp:attachment":[{"href":"http:\/\/cedetafro.org\/wp-json\/wp\/v2\/media?parent=6887"}],"wp:term":[{"taxonomy":"product_brand","embeddable":true,"href":"http:\/\/cedetafro.org\/wp-json\/wp\/v2\/product_brand?post=6887"},{"taxonomy":"product_cat","embeddable":true,"href":"http:\/\/cedetafro.org\/wp-json\/wp\/v2\/product_cat?post=6887"},{"taxonomy":"product_tag","embeddable":true,"href":"http:\/\/cedetafro.org\/wp-json\/wp\/v2\/product_tag?post=6887"}],"curies":[{"name":"wp","href":"https:\/\/api.w.org\/{rel}","templated":true}]}}