{"id":6613,"date":"2026-01-07T02:34:39","date_gmt":"2026-01-07T07:34:39","guid":{"rendered":"https:\/\/cedetafro.org\/?page_id=6613"},"modified":"2026-02-16T03:46:58","modified_gmt":"2026-02-16T08:46:58","slug":"noticias","status":"publish","type":"page","link":"http:\/\/cedetafro.org\/noticias\/","title":{"rendered":"Agenda CEDET"},"content":{"rendered":"\t\t<div data-elementor-type=\"wp-page\" data-elementor-id=\"6613\" class=\"elementor elementor-6613\" data-elementor-settings=\"{&quot;ha_cmc_init_switcher&quot;:&quot;no&quot;}\" data-elementor-post-type=\"page\">\n\t\t\t\t<div class=\"elementor-element elementor-element-38a464ed e-con-full e-flex e-con e-parent\" data-id=\"38a464ed\" data-element_type=\"container\" data-e-type=\"container\" data-settings=\"{&quot;background_background&quot;:&quot;classic&quot;,&quot;background_motion_fx_motion_fx_scrolling&quot;:&quot;yes&quot;,&quot;background_motion_fx_devices&quot;:[&quot;desktop&quot;,&quot;tablet&quot;,&quot;mobile&quot;],&quot;_ha_eqh_enable&quot;:false}\">\n\t\t\t\t<div class=\"elementor-element elementor-element-4800bbf elementor-widget elementor-widget-heading\" data-id=\"4800bbf\" data-element_type=\"widget\" data-e-type=\"widget\" data-widget_type=\"heading.default\">\n\t\t\t\t\t<h2 class=\"elementor-heading-title elementor-size-default\">Agenda Cedet<\/h2>\t\t\t\t<\/div>\n\t\t\t\t<\/div>\n\t\t<div class=\"elementor-element elementor-element-d190d55 e-con-full e-flex e-con e-parent\" data-id=\"d190d55\" data-element_type=\"container\" data-e-type=\"container\" data-settings=\"{&quot;background_background&quot;:&quot;classic&quot;,&quot;_ha_eqh_enable&quot;:false}\">\n\t\t\t\t<div class=\"elementor-element elementor-element-b9d4958 elementor-widget elementor-widget-etn-event\" data-id=\"b9d4958\" data-element_type=\"widget\" data-e-type=\"widget\" data-widget_type=\"etn-event.default\">\n\t\t\t\t<div class=\"elementor-widget-container\">\n\t\t\t\t\t<div class='etn-row etn-event-wrapper'>\n        <div class=\"etn-col-md-6 etn-col-lg-4\">\n        <div class=\"etn-event-item\">\n            <!-- thumbnail -->\n            <div class=\"etn-event-thumb\">\n                                    <a\n                        href=\"http:\/\/cedetafro.org\/etn\/dejame-que-te-cuente\/\"\n                        aria-label=\"Agenda CEDET\"\n                    >\n                        <img decoding=\"async\" src=\"http:\/\/cedetafro.org\/wp-content\/uploads\/2026\/03\/WhatsApp-Image-2026-03-06-at-12.21.24.jpeg\" alt=\"Image\">\n                    <\/a>\n                \n                <div class=\"etn-event-category\">\n                                    <\/div>\n                            <\/div>\n            <!-- thumbnail start-->\n\n            <!-- content start-->\n            <div class=\"etn-event-content\">\n                                                            <div class=\"etn-event-location\">\n                            <i class=\"etn-icon etn-location\"><\/i>\n                            Sala Robles Godoy - Ministerio de Cultura                        <\/div>\n                    \n                \n                <h3 class=\"etn-title etn-event-title\"><a href=\"http:\/\/cedetafro.org\/etn\/dejame-que-te-cuente\/\">\n                    D\u00e9jame que te cuente<\/a>\n                <\/h3>\n                                    <p>\n                        Racismo, herramientas ciudadanas y desafios actuales en el ambito deportivo.                    <\/p>\n                \n                <div class=\"etn-event-footer\">\n                    <div class=\"etn-event-date\">\n                        \t\t\t<span>\n\t\t\t\t<i class=\"etn-icon etn-calendar\"><\/i>\n\t\t\t\t12 de marzo de 2026\t\t\t<\/span>\n\t\t                    <\/div>\n                    <div class=\"etn-atend-btn\">\n                                                <a href=\"http:\/\/cedetafro.org\/etn\/dejame-que-te-cuente\/\" class=\"etn-btn etn-btn-border\"\n                            title=\"D\u00e9jame que te cuente\">Attend                            <i class=\"etn-icon etm-arrow-right\"><\/i><\/a>\n                                            <\/div>\n                <\/div>\n            <\/div>\n                        <!-- content end-->\n        <\/div>\n        <!-- etn event item end-->\n    <\/div>\n        <div class=\"etn-col-md-6 etn-col-lg-4\">\n        <div class=\"etn-event-item\">\n            <!-- thumbnail -->\n            <div class=\"etn-event-thumb\">\n                                    <a\n                        href=\"http:\/\/cedetafro.org\/etn\/reconocimiento-del-pueblo-afroperuano-como-sujeto-colectivo-de-derechos-avances-desafios-y-perspectivas\/\"\n                        aria-label=\"Agenda CEDET\"\n                    >\n                        <img decoding=\"async\" src=\"http:\/\/cedetafro.org\/wp-content\/uploads\/2026\/02\/EVENTO-19-DE-FEBRERO.jpg\" alt=\"Image\">\n                    <\/a>\n                \n                <div class=\"etn-event-category\">\n                                    <\/div>\n                            <\/div>\n            <!-- thumbnail start-->\n\n            <!-- content start-->\n            <div class=\"etn-event-content\">\n                                                            <div class=\"etn-event-location\">\n                            <i class=\"etn-icon etn-location\"><\/i>\n                            Hotel Jos\u00e9 Antonio Deluxe Calle Bellavista 133, Miraflores                        <\/div>\n                    \n                \n                <h3 class=\"etn-title etn-event-title\"><a href=\"http:\/\/cedetafro.org\/etn\/reconocimiento-del-pueblo-afroperuano-como-sujeto-colectivo-de-derechos-avances-desafios-y-perspectivas\/\">\n                    FORO DE CANDIDATURAS AFROPERUANAS AL SENADO Y C\u00c1MARA DE DIPUTADOS<\/a>\n                <\/h3>\n                                    <p>\n                        Este ser\u00e1 un espacio de di\u00e1logo y encuentro democr\u00e1tico, donde candidatas y candidatos afroperuanos compartir\u00e1n sus propuestas, miradas y compromisos                    <\/p>\n                \n                <div class=\"etn-event-footer\">\n                    <div class=\"etn-event-date\">\n                        \t\t\t<span>\n\t\t\t\t<i class=\"etn-icon etn-calendar\"><\/i>\n\t\t\t\t19 de febrero de 2026\t\t\t<\/span>\n\t\t                    <\/div>\n                    <div class=\"etn-atend-btn\">\n                                                <a href=\"http:\/\/cedetafro.org\/etn\/reconocimiento-del-pueblo-afroperuano-como-sujeto-colectivo-de-derechos-avances-desafios-y-perspectivas\/\" class=\"etn-btn etn-btn-border\"\n                            title=\"FORO DE CANDIDATURAS AFROPERUANAS AL SENADO Y C\u00c1MARA DE DIPUTADOS\">Attend                            <i class=\"etn-icon etm-arrow-right\"><\/i><\/a>\n                                            <\/div>\n                <\/div>\n            <\/div>\n                        <!-- content end-->\n        <\/div>\n        <!-- etn event item end-->\n    <\/div>\n    <\/div>\n\n\t\t\t\t<\/div>\n\t\t\t\t<\/div>\n\t\t\t\t<\/div>\n\t\t\t\t<\/div>\n\t\t","protected":false},"excerpt":{"rendered":"<p>Agenda Cedet Hotel Jos\u00e9 Antonio Deluxe Calle Bellavista 133, Miraflores FORO DE CANDIDATURAS AFROPERUANAS AL SENADO Y C\u00c1MARA DE DIPUTADOS Este ser\u00e1 un espacio de di\u00e1logo y encuentro democr\u00e1tico, donde candidatas y candidatos afroperuanos compartir\u00e1n sus propuestas, miradas y compromisos 19 de febrero de 2026 Attend<\/p>\n","protected":false},"author":2,"featured_media":0,"parent":0,"menu_order":0,"comment_status":"closed","ping_status":"closed","template":"elementor_header_footer","meta":{"site-sidebar-layout":"default","site-content-layout":"","ast-site-content-layout":"full-width-container","site-content-style":"unboxed","site-sidebar-style":"default","ast-global-header-display":"","ast-banner-title-visibility":"","ast-main-header-display":"","ast-hfb-above-header-display":"","ast-hfb-below-header-display":"","ast-hfb-mobile-header-display":"","site-post-title":"","ast-breadcrumbs-content":"","ast-featured-img":"","footer-sml-layout":"","ast-disable-related-posts":"","theme-transparent-header-meta":"","adv-header-id-meta":"","stick-header-meta":"","header-above-stick-meta":"","header-main-stick-meta":"","header-below-stick-meta":"","astra-migrate-meta-layouts":"default","ast-page-background-enabled":"default","ast-page-background-meta":{"desktop":{"background-color":"var(--ast-global-color-4)","background-image":"","background-repeat":"repeat","background-position":"center center","background-size":"auto","background-attachment":"scroll","background-type":"","background-media":"","overlay-type":"","overlay-color":"","overlay-opacity":"","overlay-gradient":""},"tablet":{"background-color":"","background-image":"","background-repeat":"repeat","background-position":"center center","background-size":"auto","background-attachment":"scroll","background-type":"","background-media":"","overlay-type":"","overlay-color":"","overlay-opacity":"","overlay-gradient":""},"mobile":{"background-color":"","background-image":"","background-repeat":"repeat","background-position":"center center","background-size":"auto","background-attachment":"scroll","background-type":"","background-media":"","overlay-type":"","overlay-color":"","overlay-opacity":"","overlay-gradient":""}},"ast-content-background-meta":{"desktop":{"background-color":"var(--ast-global-color-5)","background-image":"","background-repeat":"repeat","background-position":"center center","background-size":"auto","background-attachment":"scroll","background-type":"","background-media":"","overlay-type":"","overlay-color":"","overlay-opacity":"","overlay-gradient":""},"tablet":{"background-color":"var(--ast-global-color-5)","background-image":"","background-repeat":"repeat","background-position":"center center","background-size":"auto","background-attachment":"scroll","background-type":"","background-media":"","overlay-type":"","overlay-color":"","overlay-opacity":"","overlay-gradient":""},"mobile":{"background-color":"var(--ast-global-color-5)","background-image":"","background-repeat":"repeat","background-position":"center center","background-size":"auto","background-attachment":"scroll","background-type":"","background-media":"","overlay-type":"","overlay-color":"","overlay-opacity":"","overlay-gradient":""}},"footnotes":""},"class_list":["post-6613","page","type-page","status-publish","hentry"],"_links":{"self":[{"href":"http:\/\/cedetafro.org\/wp-json\/wp\/v2\/pages\/6613","targetHints":{"allow":["GET"]}}],"collection":[{"href":"http:\/\/cedetafro.org\/wp-json\/wp\/v2\/pages"}],"about":[{"href":"http:\/\/cedetafro.org\/wp-json\/wp\/v2\/types\/page"}],"author":[{"embeddable":true,"href":"http:\/\/cedetafro.org\/wp-json\/wp\/v2\/users\/2"}],"replies":[{"embeddable":true,"href":"http:\/\/cedetafro.org\/wp-json\/wp\/v2\/comments?post=6613"}],"version-history":[{"count":98,"href":"http:\/\/cedetafro.org\/wp-json\/wp\/v2\/pages\/6613\/revisions"}],"predecessor-version":[{"id":7574,"href":"http:\/\/cedetafro.org\/wp-json\/wp\/v2\/pages\/6613\/revisions\/7574"}],"wp:attachment":[{"href":"http:\/\/cedetafro.org\/wp-json\/wp\/v2\/media?parent=6613"}],"curies":[{"name":"wp","href":"https:\/\/api.w.org\/{rel}","templated":true}]}}